{"id":14771,"date":"2025-12-11T15:56:59","date_gmt":"2025-12-11T15:56:59","guid":{"rendered":"https:\/\/exclusiveelitetravel.com\/?post_type=product&#038;p=14771"},"modified":"2025-12-11T15:56:59","modified_gmt":"2025-12-11T15:56:59","slug":"paros-hilltop-perfectiune-tenis-vederi-izolare","status":"publish","type":"product","link":"https:\/\/exclusiveelitetravel.com\/ro\/experiente-2\/paros-hilltop-perfectiune-tenis-vederi-izolare\/","title":{"rendered":"Paros Hilltop Perfec\u021biune: Tenis, priveli\u0219ti \u0219i izolare"},"content":{"rendered":"<p>Pentru cei care caut\u0103 intimitate, spa\u021biu \u0219i vederi cicladice spectaculoase, suntem \u00eenc\u00e2nta\u021bi s\u0103 v\u0103 prezent\u0103m Villa Manto. Situat\u0103 \u00een v\u00e2rful unui deal, pe un teren privat de 8.000 m\u00b2, aceast\u0103 proprietate excep\u021bional\u0103 ofer\u0103 priveli\u0219ti panoramice asupra coastei de sud-est a insulei Paros \u0219i a insulelor \u00eendep\u0103rtate.<\/p>\n<p><img loading=\"lazy\" decoding=\"async\" class=\"aligncenter size-full wp-image-14772\" src=\"https:\/\/exclusiveelitetravel.com\/wp-content\/uploads\/2025\/12\/unnamed1-1.jpg\" alt=\"\" width=\"1000\" height=\"431\" srcset=\"https:\/\/exclusiveelitetravel.com\/wp-content\/uploads\/2025\/12\/unnamed1-1.jpg 1000w, https:\/\/exclusiveelitetravel.com\/wp-content\/uploads\/2025\/12\/unnamed1-1-500x216.jpg 500w, https:\/\/exclusiveelitetravel.com\/wp-content\/uploads\/2025\/12\/unnamed1-1-768x331.jpg 768w, https:\/\/exclusiveelitetravel.com\/wp-content\/uploads\/2025\/12\/unnamed1-1-18x8.jpg 18w, https:\/\/exclusiveelitetravel.com\/wp-content\/uploads\/2025\/12\/unnamed1-1-555x239.jpg 555w\" sizes=\"auto, (max-width: 1000px) 100vw, 1000px\" \/><\/p>\n<p><img loading=\"lazy\" decoding=\"async\" class=\"aligncenter wp-image-14773 size-full\" src=\"https:\/\/exclusiveelitetravel.com\/wp-content\/uploads\/2025\/12\/unnamed2-1.jpg\" alt=\"\" width=\"1000\" height=\"431\" srcset=\"https:\/\/exclusiveelitetravel.com\/wp-content\/uploads\/2025\/12\/unnamed2-1.jpg 1000w, https:\/\/exclusiveelitetravel.com\/wp-content\/uploads\/2025\/12\/unnamed2-1-500x216.jpg 500w, https:\/\/exclusiveelitetravel.com\/wp-content\/uploads\/2025\/12\/unnamed2-1-768x331.jpg 768w, https:\/\/exclusiveelitetravel.com\/wp-content\/uploads\/2025\/12\/unnamed2-1-18x8.jpg 18w, https:\/\/exclusiveelitetravel.com\/wp-content\/uploads\/2025\/12\/unnamed2-1-555x239.jpg 555w\" sizes=\"auto, (max-width: 1000px) 100vw, 1000px\" \/><\/p>\n<p>Situat\u0103 la doar o scurt\u0103 plimbare (300 m) de satul autentic Kostos \u0219i la \u0219apte minute de mers cu ma\u0219ina de centrul cosmopolit Naousa, vila echilibreaz\u0103 perfect izolarea cu accesibilitatea. Proprietatea este o bijuterie arhitectural\u0103, cu linii curate, podele din marmur\u0103 fin\u0103 \u0219i perdele din muselin\u0103 u\u0219or fluturate, care creeaz\u0103 o atmosfer\u0103 de prospe\u021bime \u0219i lini\u0219te.<\/p>\n<p><img loading=\"lazy\" decoding=\"async\" class=\"aligncenter wp-image-14774 size-full\" src=\"https:\/\/exclusiveelitetravel.com\/wp-content\/uploads\/2025\/12\/unnamed3-1.jpg\" alt=\"\" width=\"1000\" height=\"431\" srcset=\"https:\/\/exclusiveelitetravel.com\/wp-content\/uploads\/2025\/12\/unnamed3-1.jpg 1000w, https:\/\/exclusiveelitetravel.com\/wp-content\/uploads\/2025\/12\/unnamed3-1-500x216.jpg 500w, https:\/\/exclusiveelitetravel.com\/wp-content\/uploads\/2025\/12\/unnamed3-1-768x331.jpg 768w, https:\/\/exclusiveelitetravel.com\/wp-content\/uploads\/2025\/12\/unnamed3-1-18x8.jpg 18w, https:\/\/exclusiveelitetravel.com\/wp-content\/uploads\/2025\/12\/unnamed3-1-555x239.jpg 555w\" sizes=\"auto, (max-width: 1000px) 100vw, 1000px\" \/><\/p>\n<p><img loading=\"lazy\" decoding=\"async\" class=\"aligncenter wp-image-14776 size-full\" src=\"https:\/\/exclusiveelitetravel.com\/wp-content\/uploads\/2025\/12\/unnamed431.jpg\" alt=\"\" width=\"1000\" height=\"431\" srcset=\"https:\/\/exclusiveelitetravel.com\/wp-content\/uploads\/2025\/12\/unnamed431.jpg 1000w, https:\/\/exclusiveelitetravel.com\/wp-content\/uploads\/2025\/12\/unnamed431-500x216.jpg 500w, https:\/\/exclusiveelitetravel.com\/wp-content\/uploads\/2025\/12\/unnamed431-768x331.jpg 768w, https:\/\/exclusiveelitetravel.com\/wp-content\/uploads\/2025\/12\/unnamed431-18x8.jpg 18w, https:\/\/exclusiveelitetravel.com\/wp-content\/uploads\/2025\/12\/unnamed431-555x239.jpg 555w\" sizes=\"auto, (max-width: 1000px) 100vw, 1000px\" \/><\/p>\n<p>&nbsp;<\/p>\n<p>&nbsp;<\/p>\n<h3 style=\"color: #d1a86b;\">Proprietate \u0219i stil de via\u021b\u0103<\/h3>\n<h3 style=\"color: #d1a86b;\">Cazare versatil\u0103<\/h3>\n<p>\u0218ase dormitoare pot g\u0103zdui p\u00e2n\u0103 la 10+2 persoane. Dispunerea include o vil\u0103 principal\u0103 cu cinci dormitoare \u0219i o cas\u0103 de oaspe\u021bi separat\u0103 cu un dormitor \u0219i o chicinet\u0103, asigur\u00e2nd intimitate pentru grupuri mai mari sau familii multigenera\u021bionale.<\/p>\n<h3 style=\"color: #d1a86b;\">Via\u021b\u0103 activ\u0103<\/h3>\n<p>Proprietatea este conceput\u0103 pentru petrecerea timpului liber \u0219i activitate, av\u00e2nd un teren de tenis privat (care se transform\u0103 \u00eentr-un teren de minifotbal), o sal\u0103 de joac\u0103 cu aparate de gimnastic\u0103 \u0219i tenis de mas\u0103, precum \u0219i echipamente de yoga.<\/p>\n<h3 style=\"color: #d1a86b;\">Splendoare \u00een aer liber<\/h3>\n<p>O piscin\u0103 uimitoare de ap\u0103 dulce de 17 metri este piesa central\u0103 a terasei, completat\u0103 de un gr\u0103tar \u0219i un cuptor cu lemne pentru mese \u00een aer liber sub stele.<\/p>\n<h3 style=\"color: #d1a86b;\">Facilit\u0103\u021bi Premium<\/h3>\n<p>Oaspe\u021bii se pot bucura de o cram\u0103, r\u0103cire \u0219i \u00eenc\u0103lzire prin pardoseal\u0103 pentru confort pe tot parcursul anului \u0219i sisteme moderne de divertisment, inclusiv TV prin satelit \u0219i Wi-Fi.<\/p>\n<h3 style=\"color: #d1a86b;\">Loca\u021bie ideal\u0103<\/h3>\n<p>\u00cen timp ce ofer\u0103 intimitate complet\u0103, vila este convenabil aproape de plaje frumoase, cum ar fi Ysterni (4 km) \u0219i Molos (5 km). Portul Paroikia se afl\u0103 la 8 km, iar aeroportul este la 16 km de mers cu ma\u0219ina.<\/p>\n<p><img loading=\"lazy\" decoding=\"async\" class=\"aligncenter wp-image-14782 size-full\" src=\"https:\/\/exclusiveelitetravel.com\/wp-content\/uploads\/2025\/12\/alskdjfhg.jpg\" alt=\"\" width=\"1000\" height=\"431\" srcset=\"https:\/\/exclusiveelitetravel.com\/wp-content\/uploads\/2025\/12\/alskdjfhg.jpg 1000w, https:\/\/exclusiveelitetravel.com\/wp-content\/uploads\/2025\/12\/alskdjfhg-500x216.jpg 500w, https:\/\/exclusiveelitetravel.com\/wp-content\/uploads\/2025\/12\/alskdjfhg-768x331.jpg 768w, https:\/\/exclusiveelitetravel.com\/wp-content\/uploads\/2025\/12\/alskdjfhg-18x8.jpg 18w, https:\/\/exclusiveelitetravel.com\/wp-content\/uploads\/2025\/12\/alskdjfhg-555x239.jpg 555w\" sizes=\"auto, (max-width: 1000px) 100vw, 1000px\" \/><\/p>\n<p><img loading=\"lazy\" decoding=\"async\" class=\"aligncenter wp-image-14781 size-full\" src=\"https:\/\/exclusiveelitetravel.com\/wp-content\/uploads\/2025\/12\/ghfjdksla.jpg\" alt=\"\" width=\"1000\" height=\"431\" srcset=\"https:\/\/exclusiveelitetravel.com\/wp-content\/uploads\/2025\/12\/ghfjdksla.jpg 1000w, https:\/\/exclusiveelitetravel.com\/wp-content\/uploads\/2025\/12\/ghfjdksla-500x216.jpg 500w, https:\/\/exclusiveelitetravel.com\/wp-content\/uploads\/2025\/12\/ghfjdksla-768x331.jpg 768w, https:\/\/exclusiveelitetravel.com\/wp-content\/uploads\/2025\/12\/ghfjdksla-18x8.jpg 18w, https:\/\/exclusiveelitetravel.com\/wp-content\/uploads\/2025\/12\/ghfjdksla-555x239.jpg 555w\" sizes=\"auto, (max-width: 1000px) 100vw, 1000px\" \/><\/p>\n<p><img loading=\"lazy\" decoding=\"async\" class=\"aligncenter wp-image-14780 size-full\" src=\"https:\/\/exclusiveelitetravel.com\/wp-content\/uploads\/2025\/12\/alghskdjf.jpg\" alt=\"\" width=\"1000\" height=\"431\" srcset=\"https:\/\/exclusiveelitetravel.com\/wp-content\/uploads\/2025\/12\/alghskdjf.jpg 1000w, https:\/\/exclusiveelitetravel.com\/wp-content\/uploads\/2025\/12\/alghskdjf-500x216.jpg 500w, https:\/\/exclusiveelitetravel.com\/wp-content\/uploads\/2025\/12\/alghskdjf-768x331.jpg 768w, https:\/\/exclusiveelitetravel.com\/wp-content\/uploads\/2025\/12\/alghskdjf-18x8.jpg 18w, https:\/\/exclusiveelitetravel.com\/wp-content\/uploads\/2025\/12\/alghskdjf-555x239.jpg 555w\" sizes=\"auto, (max-width: 1000px) 100vw, 1000px\" \/><\/p>\n<p><img loading=\"lazy\" decoding=\"async\" class=\"aligncenter wp-image-14779 size-full\" src=\"https:\/\/exclusiveelitetravel.com\/wp-content\/uploads\/2025\/12\/qpwoeiruty.jpg\" alt=\"\" width=\"1000\" height=\"431\" srcset=\"https:\/\/exclusiveelitetravel.com\/wp-content\/uploads\/2025\/12\/qpwoeiruty.jpg 1000w, https:\/\/exclusiveelitetravel.com\/wp-content\/uploads\/2025\/12\/qpwoeiruty-500x216.jpg 500w, https:\/\/exclusiveelitetravel.com\/wp-content\/uploads\/2025\/12\/qpwoeiruty-768x331.jpg 768w, https:\/\/exclusiveelitetravel.com\/wp-content\/uploads\/2025\/12\/qpwoeiruty-18x8.jpg 18w, https:\/\/exclusiveelitetravel.com\/wp-content\/uploads\/2025\/12\/qpwoeiruty-555x239.jpg 555w\" sizes=\"auto, (max-width: 1000px) 100vw, 1000px\" \/><\/p>\n<p>Villa Manto ofer\u0103 un refugiu de lux unde farmecul autentic al insulei Paros se \u00eent\u00e2lne\u0219te cu facilit\u0103\u021bi de clas\u0103 mondial\u0103 - cadrul perfect pentru o vacan\u021b\u0103 de neuitat pe insula greceasc\u0103.<\/p>\n<p><img loading=\"lazy\" decoding=\"async\" class=\"aligncenter wp-image-14778 size-full\" src=\"https:\/\/exclusiveelitetravel.com\/wp-content\/uploads\/2025\/12\/tyrueiwoqp.jpg\" alt=\"\" width=\"1000\" height=\"431\" srcset=\"https:\/\/exclusiveelitetravel.com\/wp-content\/uploads\/2025\/12\/tyrueiwoqp.jpg 1000w, https:\/\/exclusiveelitetravel.com\/wp-content\/uploads\/2025\/12\/tyrueiwoqp-500x216.jpg 500w, https:\/\/exclusiveelitetravel.com\/wp-content\/uploads\/2025\/12\/tyrueiwoqp-768x331.jpg 768w, https:\/\/exclusiveelitetravel.com\/wp-content\/uploads\/2025\/12\/tyrueiwoqp-18x8.jpg 18w, https:\/\/exclusiveelitetravel.com\/wp-content\/uploads\/2025\/12\/tyrueiwoqp-555x239.jpg 555w\" sizes=\"auto, (max-width: 1000px) 100vw, 1000px\" \/><\/p>\n<h5 class=\"btn-custom\" style=\"text-align: center;\"><span style=\"color: #ffffff; font-family: helvetica,arial,sans-serif;\"><a style=\"color: #ffffff; background-color: #d1a86b; padding: 10px 20px; text-decoration: none; border-radius: 4px; display: inline-block;\" href=\"https:\/\/exclusiveelitetravel.com\/ro\/vacanta-personalizata-2\/\" target=\"_blank\" rel=\"noopener noreferrer\"><b>Solicita\u021bi s\u0103 Rezerva\u021bi Villa Manto<\/b><\/a><\/span><\/h5>","protected":false},"excerpt":{"rendered":"<p>For those seeking privacy, space, and spectacular Cycladic views, we are delighted to introduce Villa Manto. Situated on a hilltop within 8,000 m\u00b2 of private land, this exceptional estate offers panoramic vistas over the south-east coast of Paros and the outlying islands. Located just a short walk (300m) from the authentic village of Kostos and [&#8230;]","protected":false},"featured_media":14772,"comment_status":"closed","ping_status":"closed","template":"","meta":{"_expiration-date-status":"","_expiration-date":0,"_expiration-date-type":"","_expiration-date-categories":[],"_expiration-date-options":[]},"product_brand":[],"product_cat":[337],"product_tag":[],"class_list":{"0":"post-14771","1":"product","2":"type-product","3":"status-publish","4":"has-post-thumbnail","6":"product_cat-chalet-villas","8":"first","9":"instock","10":"shipping-taxable","11":"product-type-simple"},"_links":{"self":[{"href":"https:\/\/exclusiveelitetravel.com\/ro\/wp-json\/wp\/v2\/product\/14771","targetHints":{"allow":["GET"]}}],"collection":[{"href":"https:\/\/exclusiveelitetravel.com\/ro\/wp-json\/wp\/v2\/product"}],"about":[{"href":"https:\/\/exclusiveelitetravel.com\/ro\/wp-json\/wp\/v2\/types\/product"}],"replies":[{"embeddable":true,"href":"https:\/\/exclusiveelitetravel.com\/ro\/wp-json\/wp\/v2\/comments?post=14771"}],"wp:featuredmedia":[{"embeddable":true,"href":"https:\/\/exclusiveelitetravel.com\/ro\/wp-json\/wp\/v2\/media\/14772"}],"wp:attachment":[{"href":"https:\/\/exclusiveelitetravel.com\/ro\/wp-json\/wp\/v2\/media?parent=14771"}],"wp:term":[{"taxonomy":"product_brand","embeddable":true,"href":"https:\/\/exclusiveelitetravel.com\/ro\/wp-json\/wp\/v2\/product_brand?post=14771"},{"taxonomy":"product_cat","embeddable":true,"href":"https:\/\/exclusiveelitetravel.com\/ro\/wp-json\/wp\/v2\/product_cat?post=14771"},{"taxonomy":"product_tag","embeddable":true,"href":"https:\/\/exclusiveelitetravel.com\/ro\/wp-json\/wp\/v2\/product_tag?post=14771"}],"curies":[{"name":"wp","href":"https:\/\/api.w.org\/{rel}","templated":true}]}}