{"id":14334,"date":"2025-10-10T17:51:38","date_gmt":"2025-10-10T17:51:38","guid":{"rendered":"https:\/\/exclusiveelitetravel.com\/?post_type=product&#038;p=14334"},"modified":"2025-10-10T17:51:38","modified_gmt":"2025-10-10T17:51:38","slug":"expeditie-lapland-2026","status":"publish","type":"product","link":"https:\/\/exclusiveelitetravel.com\/ro\/experiente-2\/expeditie-lapland-2026\/","title":{"rendered":"Expedi\u021bia Laponia 2026"},"content":{"rendered":"<h2 style=\"font-weight: 400;\"><span style=\"color: #d1a86b;\"><strong>Expedi\u021bie \u00een Laponia<\/strong><\/span><\/h2>\n<p><strong>16.-20. &amp; 22.-26. martie 2026<\/strong><\/p>\n<p>Expedi\u021bia cu snowmobile \u00een Laponia este o aventur\u0103 polar\u0103 de cinci zile conceput\u0103 pentru exploratorii activi. \u00cen Suedia, Norvegia \u0219i Finlanda, ve\u021bi parcurge mai mult de 500 de kilometri pe snowmobile. V\u0103 a\u0219teapt\u0103 peisaje nordice neatinse, c\u00e2mpii \u00eenz\u0103pezite nesf\u00e2r\u0219ite, p\u0103duri vaste \u0219i lacuri \u00eenghe\u021bate.<\/p>\n<hr \/>\n<h3><img loading=\"lazy\" decoding=\"async\" class=\"aligncenter wp-image-14336 size-large\" src=\"https:\/\/exclusiveelitetravel.com\/wp-content\/uploads\/2025\/10\/unnamed-22-1024x691.jpg\" alt=\"\" width=\"1024\" height=\"691\" srcset=\"https:\/\/exclusiveelitetravel.com\/wp-content\/uploads\/2025\/10\/unnamed-22-1024x691.jpg 1024w, https:\/\/exclusiveelitetravel.com\/wp-content\/uploads\/2025\/10\/unnamed-22-500x337.jpg 500w, https:\/\/exclusiveelitetravel.com\/wp-content\/uploads\/2025\/10\/unnamed-22-768x518.jpg 768w, https:\/\/exclusiveelitetravel.com\/wp-content\/uploads\/2025\/10\/unnamed-22-18x12.jpg 18w, https:\/\/exclusiveelitetravel.com\/wp-content\/uploads\/2025\/10\/unnamed-22-555x375.jpg 555w, https:\/\/exclusiveelitetravel.com\/wp-content\/uploads\/2025\/10\/unnamed-22.jpg 1092w\" sizes=\"auto, (max-width: 1024px) 100vw, 1024px\" \/><\/h3>\n<h3><img loading=\"lazy\" decoding=\"async\" class=\"aligncenter wp-image-14337 size-large\" src=\"https:\/\/exclusiveelitetravel.com\/wp-content\/uploads\/2025\/10\/unnamed-23-1024x683.jpg\" alt=\"\" width=\"1024\" height=\"683\" srcset=\"https:\/\/exclusiveelitetravel.com\/wp-content\/uploads\/2025\/10\/unnamed-23-1024x683.jpg 1024w, https:\/\/exclusiveelitetravel.com\/wp-content\/uploads\/2025\/10\/unnamed-23-500x333.jpg 500w, https:\/\/exclusiveelitetravel.com\/wp-content\/uploads\/2025\/10\/unnamed-23-768x512.jpg 768w, https:\/\/exclusiveelitetravel.com\/wp-content\/uploads\/2025\/10\/unnamed-23-1536x1024.jpg 1536w, https:\/\/exclusiveelitetravel.com\/wp-content\/uploads\/2025\/10\/unnamed-23-2048x1365.jpg 2048w, https:\/\/exclusiveelitetravel.com\/wp-content\/uploads\/2025\/10\/unnamed-23-18x12.jpg 18w, https:\/\/exclusiveelitetravel.com\/wp-content\/uploads\/2025\/10\/unnamed-23-555x370.jpg 555w\" sizes=\"auto, (max-width: 1024px) 100vw, 1024px\" \/><\/h3>\n<h3 style=\"color: #d1a86b;\">Natur\u0103 virgin\u0103 \u0219i comuniune excelent\u0103<\/h3>\n<p>Laponia \u00eenseamn\u0103 libertate. O natur\u0103 nesf\u00e2r\u0219it\u0103 \u0219i virgin\u0103, \u00een care s-ar putea s\u0103 petreci o zi \u00eentreag\u0103 f\u0103r\u0103 s\u0103 vezi nicio locuin\u021b\u0103 uman\u0103. \u00cen schimb, este mai probabil s\u0103 \u00eent\u00e2lni\u021bi un ren sau un elan pe drum.<\/p>\n<p>Expedi\u021bia are o dificultate fizic\u0103 moderat\u0103 \u0219i este potrivit\u0103 \u0219i pentru participan\u021bii f\u0103r\u0103 experien\u021b\u0103 anterioar\u0103. Ghizi locali experimenta\u021bi v\u0103 vor \u00eenv\u0103\u021ba cum s\u0103 manevra\u021bi snowmobilul \u0219i vor veghea la siguran\u021ba dumneavoastr\u0103 pe tot parcursul c\u0103l\u0103toriei.<\/p>\n<hr \/>\n<h3><img loading=\"lazy\" decoding=\"async\" class=\"aligncenter wp-image-14338 size-large\" src=\"https:\/\/exclusiveelitetravel.com\/wp-content\/uploads\/2025\/10\/unnamed-24-1024x683.jpg\" alt=\"\" width=\"1024\" height=\"683\" srcset=\"https:\/\/exclusiveelitetravel.com\/wp-content\/uploads\/2025\/10\/unnamed-24-1024x683.jpg 1024w, https:\/\/exclusiveelitetravel.com\/wp-content\/uploads\/2025\/10\/unnamed-24-500x333.jpg 500w, https:\/\/exclusiveelitetravel.com\/wp-content\/uploads\/2025\/10\/unnamed-24-768x512.jpg 768w, https:\/\/exclusiveelitetravel.com\/wp-content\/uploads\/2025\/10\/unnamed-24-1536x1024.jpg 1536w, https:\/\/exclusiveelitetravel.com\/wp-content\/uploads\/2025\/10\/unnamed-24-2048x1366.jpg 2048w, https:\/\/exclusiveelitetravel.com\/wp-content\/uploads\/2025\/10\/unnamed-24-18x12.jpg 18w, https:\/\/exclusiveelitetravel.com\/wp-content\/uploads\/2025\/10\/unnamed-24-555x370.jpg 555w\" sizes=\"auto, (max-width: 1024px) 100vw, 1024px\" \/><\/h3>\n<h3 style=\"color: #d1a86b;\">Cazare \u0219i buc\u0103t\u0103rie \u00een Laponia<\/h3>\n<p>Ve\u021bi sta \u00een cele mai bune locuri de cazare posibile din regiune. De\u0219i nu sunt luxoase, caz\u0103rile sunt confortabile \u0219i moderne, incluz\u00e2nd cabane, cabane \u00een stil suedez \u0219i cabane de munte. Toate caz\u0103rile sunt dotate cu saun\u0103.<\/p>\n<p>Micul dejun copios \u0219i cinele excelente sunt servite la cabane. Pr\u00e2nzurile sunt preg\u0103tite \u00een aer liber, la foc deschis, conform tradi\u021biilor din Laponia. Ve\u021bi avea chiar ocazia s\u0103 v\u0103 prinde\u021bi propriul pr\u00e2nz la pescuit.<\/p>\n<hr \/>\n<h3><img loading=\"lazy\" decoding=\"async\" class=\"aligncenter wp-image-14339 size-large\" src=\"https:\/\/exclusiveelitetravel.com\/wp-content\/uploads\/2025\/10\/unnamed-25-1024x690.jpg\" alt=\"\" width=\"1024\" height=\"690\" srcset=\"https:\/\/exclusiveelitetravel.com\/wp-content\/uploads\/2025\/10\/unnamed-25-1024x690.jpg 1024w, https:\/\/exclusiveelitetravel.com\/wp-content\/uploads\/2025\/10\/unnamed-25-500x337.jpg 500w, https:\/\/exclusiveelitetravel.com\/wp-content\/uploads\/2025\/10\/unnamed-25-768x517.jpg 768w, https:\/\/exclusiveelitetravel.com\/wp-content\/uploads\/2025\/10\/unnamed-25-18x12.jpg 18w, https:\/\/exclusiveelitetravel.com\/wp-content\/uploads\/2025\/10\/unnamed-25-555x374.jpg 555w, https:\/\/exclusiveelitetravel.com\/wp-content\/uploads\/2025\/10\/unnamed-25.jpg 1318w\" sizes=\"auto, (max-width: 1024px) 100vw, 1024px\" \/><\/h3>\n<h3><img loading=\"lazy\" decoding=\"async\" class=\"aligncenter wp-image-14340 size-large\" src=\"https:\/\/exclusiveelitetravel.com\/wp-content\/uploads\/2025\/10\/unnamed-26-1024x768.jpg\" alt=\"\" width=\"1024\" height=\"768\" srcset=\"https:\/\/exclusiveelitetravel.com\/wp-content\/uploads\/2025\/10\/unnamed-26-1024x768.jpg 1024w, https:\/\/exclusiveelitetravel.com\/wp-content\/uploads\/2025\/10\/unnamed-26-500x375.jpg 500w, https:\/\/exclusiveelitetravel.com\/wp-content\/uploads\/2025\/10\/unnamed-26-768x576.jpg 768w, https:\/\/exclusiveelitetravel.com\/wp-content\/uploads\/2025\/10\/unnamed-26-16x12.jpg 16w, https:\/\/exclusiveelitetravel.com\/wp-content\/uploads\/2025\/10\/unnamed-26-555x416.jpg 555w, https:\/\/exclusiveelitetravel.com\/wp-content\/uploads\/2025\/10\/unnamed-26.jpg 1280w\" sizes=\"auto, (max-width: 1024px) 100vw, 1024px\" \/><\/h3>\n<h3 style=\"color: #d1a86b;\">Sanie pentru c\u00e2ini<\/h3>\n<p>Un alt punct culminant este o plimbare de o or\u0103 cu sania tras\u0103 de c\u00e2ini. C\u00e2inii bine antrena\u021bi, ghida\u021bi de conductorul lor profesionist, v\u0103 vor purta prin peisajul \u00eenz\u0103pezit \u0219i v\u0103 vor r\u0103spunde la \u00eentreb\u0103ri despre mersul cu sania, o tradi\u021bie cu o lung\u0103 istorie \u00een Laponia.<\/p>\n<hr \/>\n<h3><img loading=\"lazy\" decoding=\"async\" class=\"aligncenter wp-image-14341 size-large\" src=\"https:\/\/exclusiveelitetravel.com\/wp-content\/uploads\/2025\/10\/unnamed-27-1024x768.jpg\" alt=\"\" width=\"1024\" height=\"768\" srcset=\"https:\/\/exclusiveelitetravel.com\/wp-content\/uploads\/2025\/10\/unnamed-27-1024x768.jpg 1024w, https:\/\/exclusiveelitetravel.com\/wp-content\/uploads\/2025\/10\/unnamed-27-500x375.jpg 500w, https:\/\/exclusiveelitetravel.com\/wp-content\/uploads\/2025\/10\/unnamed-27-768x576.jpg 768w, https:\/\/exclusiveelitetravel.com\/wp-content\/uploads\/2025\/10\/unnamed-27-1536x1152.jpg 1536w, https:\/\/exclusiveelitetravel.com\/wp-content\/uploads\/2025\/10\/unnamed-27-2048x1536.jpg 2048w, https:\/\/exclusiveelitetravel.com\/wp-content\/uploads\/2025\/10\/unnamed-27-16x12.jpg 16w, https:\/\/exclusiveelitetravel.com\/wp-content\/uploads\/2025\/10\/unnamed-27-555x416.jpg 555w\" sizes=\"auto, (max-width: 1024px) 100vw, 1024px\" \/><\/h3>\n<h3 style=\"color: #d1a86b;\">Vizit\u0103 la Hotelul de Ghea\u021b\u0103<\/h3>\n<p>Hotelul de ghea\u021b\u0103 este o oper\u0103 unic\u0103 de art\u0103 \u0219i arhitectur\u0103, construit\u0103 \u00een fiecare an din ghea\u021b\u0103 \u0219i z\u0103pad\u0103 din r\u00e2ul Torne. Aceast\u0103 structur\u0103 fascinant\u0103 \u00ee\u0219i schimb\u0103 designul anual, datorit\u0103 arti\u0219tilor din \u00eentreaga lume. Ve\u021bi vizita hotelul \u0219i v\u0103 ve\u021bi bucura de o b\u0103utur\u0103 de bun venit servit\u0103 \u00eentr-un pahar de ghea\u021b\u0103.<\/p>\n<hr \/>\n<h3><img loading=\"lazy\" decoding=\"async\" class=\"aligncenter wp-image-14342 size-full\" src=\"https:\/\/exclusiveelitetravel.com\/wp-content\/uploads\/2025\/10\/unnamed-28.jpg\" alt=\"\" width=\"880\" height=\"585\" srcset=\"https:\/\/exclusiveelitetravel.com\/wp-content\/uploads\/2025\/10\/unnamed-28.jpg 880w, https:\/\/exclusiveelitetravel.com\/wp-content\/uploads\/2025\/10\/unnamed-28-500x332.jpg 500w, https:\/\/exclusiveelitetravel.com\/wp-content\/uploads\/2025\/10\/unnamed-28-768x511.jpg 768w, https:\/\/exclusiveelitetravel.com\/wp-content\/uploads\/2025\/10\/unnamed-28-18x12.jpg 18w, https:\/\/exclusiveelitetravel.com\/wp-content\/uploads\/2025\/10\/unnamed-28-555x369.jpg 555w\" sizes=\"auto, (max-width: 880px) 100vw, 880px\" \/><\/h3>\n<h3><img loading=\"lazy\" decoding=\"async\" class=\"aligncenter wp-image-14343 size-large\" src=\"https:\/\/exclusiveelitetravel.com\/wp-content\/uploads\/2025\/10\/unnamed-29-1024x690.jpg\" alt=\"\" width=\"1024\" height=\"690\" srcset=\"https:\/\/exclusiveelitetravel.com\/wp-content\/uploads\/2025\/10\/unnamed-29-1024x690.jpg 1024w, https:\/\/exclusiveelitetravel.com\/wp-content\/uploads\/2025\/10\/unnamed-29-500x337.jpg 500w, https:\/\/exclusiveelitetravel.com\/wp-content\/uploads\/2025\/10\/unnamed-29-768x517.jpg 768w, https:\/\/exclusiveelitetravel.com\/wp-content\/uploads\/2025\/10\/unnamed-29-18x12.jpg 18w, https:\/\/exclusiveelitetravel.com\/wp-content\/uploads\/2025\/10\/unnamed-29-555x374.jpg 555w, https:\/\/exclusiveelitetravel.com\/wp-content\/uploads\/2025\/10\/unnamed-29.jpg 1318w\" sizes=\"auto, (max-width: 1024px) 100vw, 1024px\" \/><\/h3>\n<h3 style=\"color: #d1a86b;\">Aurora boreal\u0103<\/h3>\n<p>Observarea aurorei boreale este o experien\u021b\u0103 greu de descris \u00een cuvinte. Este un spectacol de lumini spectaculos, care danseaz\u0103 pe cer \u00een nuan\u021be de verde, violet, albastru \u0219i roz.<\/p>\n<p>Momentul expedi\u021biei a fost ales cu grij\u0103 pentru a maximiza probabilitatea de a asista personal la acest spectacol uluitor.<\/p>\n<hr \/>\n<h3><img loading=\"lazy\" decoding=\"async\" class=\"aligncenter wp-image-14344 size-large\" src=\"https:\/\/exclusiveelitetravel.com\/wp-content\/uploads\/2025\/10\/unnamed-30-1024x683.jpg\" alt=\"\" width=\"1024\" height=\"683\" srcset=\"https:\/\/exclusiveelitetravel.com\/wp-content\/uploads\/2025\/10\/unnamed-30-1024x683.jpg 1024w, https:\/\/exclusiveelitetravel.com\/wp-content\/uploads\/2025\/10\/unnamed-30-500x333.jpg 500w, https:\/\/exclusiveelitetravel.com\/wp-content\/uploads\/2025\/10\/unnamed-30-768x512.jpg 768w, https:\/\/exclusiveelitetravel.com\/wp-content\/uploads\/2025\/10\/unnamed-30-1536x1024.jpg 1536w, https:\/\/exclusiveelitetravel.com\/wp-content\/uploads\/2025\/10\/unnamed-30-2048x1366.jpg 2048w, https:\/\/exclusiveelitetravel.com\/wp-content\/uploads\/2025\/10\/unnamed-30-18x12.jpg 18w, https:\/\/exclusiveelitetravel.com\/wp-content\/uploads\/2025\/10\/unnamed-30-555x370.jpg 555w\" sizes=\"auto, (max-width: 1024px) 100vw, 1024px\" \/><\/h3>\n<h3 style=\"color: #d1a86b;\">De ce s\u0103 o experimentezi<\/h3>\n<p>\u00ce\u021bi plac mun\u021bii \u0219i z\u0103pada, e\u0219ti un adev\u0103rat aventurier? Atunci citi\u021bi mai departe.<\/p>\n<p>Imediat dup\u0103 sosirea dvs. \u00een Kiruna, care este situat\u0103 deasupra Cercului Polar Arctic de Nord, v\u0103 vom echipa cu o salopet\u0103 rezistent\u0103 la iarn\u0103 \u0219i cu \u00eentregul echipament necesar \u0219i v\u0103 vom urca pe sanie cu ajutorul c\u00e2inilor de sanie. Ace\u0219tia v\u0103 vor duce la Icehotel, unde v\u0103 ve\u021bi caza. V\u0103 pute\u021bi relaxa \u00eentr-o saun\u0103 \u00eenc\u0103lzit\u0103 cu lemne \u0219i pute\u021bi lua o cin\u0103 gourmet. Acesta este doar \u00eenceputul.<\/p>\n<hr \/>\n<h3 style=\"color: #d1a86b;\">Pentru cine este potrivit<\/h3>\n<p>Evenimentul este potrivit pentru toat\u0103 lumea. Femei, b\u0103rba\u021bi, chiar \u0219i f\u0103r\u0103 experien\u021b\u0103 anterioar\u0103 cu snowmobilele sau motocicletele.<\/p>\n<p>Ghizi experimenta\u021bi v\u0103 vor \u00eenv\u0103\u021ba totul, vor avea grij\u0103 de siguran\u021ba dvs. \u00cen ciuda faptului c\u0103 viteza maxim\u0103 a snowmobilelor dep\u0103\u0219e\u0219te 100 km\/h, viteza medie \u00een teren este semnificativ mai mic\u0103. Nimeni nu trebuie s\u0103 \u00ee\u0219i fac\u0103 griji cu privire la partea de conducere.<\/p>\n<p>Vremea \u00een aceast\u0103 perioad\u0103 este ideal\u0103; soare, temperaturi \u00eentre 0 \u0219i -10 grade Celsius \u0219i rareori z\u0103pad\u0103. Datorit\u0103 hainelor \u0219i caz\u0103rii noastre ve\u021bi avea un confort maxim.<\/p>\n<hr \/>\n<h3 style=\"color: #d1a86b;\">Program zi de zi<\/h3>\n<p><strong>Ziua 1:<\/strong><br \/>\nSosire la Kiruna. Tranzi\u021bie de la aeroport cu o sanie Husky p\u00e2n\u0103 la cin\u0103 la Icehotel Jukkasj\u00e4rvi. Vom face un tur prin Icehotel \u0219i apoi ne vom bucura exclusiv de \"Ritualul Saunei\" \u00een sauna cultural\u0103 veche de 200 de ani dintr-un sat numit Jukkasj\u00e4rvi.<br \/>\nCazare \u00een cabane moderne direct \u00een zona Icehotel.<\/p>\n<p><strong>Ziua 2:<\/strong><br \/>\nTur de 150 km cu snowmobilul de la Icehotel; prin r\u00e2uri, p\u0103duri \u0219i un lac uria\u0219; p\u00e2n\u0103 la L\u00e5ktaj\u00e5kko Mountain Lodge, unde pute\u021bi a\u0219tepta cu ner\u0103bdare s\u0103 be\u021bi o bere la cel mai \u00eenalt bar pozi\u021bionat din Suedia. Nici aici nu ve\u021bi lipsi de la o sesiune de saun\u0103, precum \u0219i de la o cin\u0103 excelent\u0103 \u00een mediul montan.<br \/>\nCazare la L\u00e5ktaj\u00e5kko Mountain Lodge.<\/p>\n<p><strong>Ziua 3:<\/strong><br \/>\nUn alt tur cu snowmobilul de 150 km mai la nord, de la L\u00e5ktaj\u00e5kko la satul Kilpisj\u00e4rvi. Dac\u0103 condi\u021biile sunt favorabile, vom putea conduce p\u00e2n\u0103 la tripla grani\u021b\u0103 dintre Suedia, Finlanda \u0219i Norvegia.<br \/>\nCazare \u00een cabane moderne \u00een Kilpisj\u00e4rvi.<\/p>\n<p><strong>Ziua 4:<\/strong><br \/>\nO excursie de la Kilpisj\u00e4rvi la Lannavaara. Vom conduce prin p\u0103duri ad\u00e2nci, pe poteci \u00eenguste, p\u00e2n\u0103 la complexul nea\u0219teptat de frumos, modern \u0219i confortabil Lannavaara Lodge. Lannavaara este un sat mic, departe de civiliza\u021bie, iar acest hotel este un \"secret deschis\" al localnicilor.<br \/>\nOvernight stay at the hotel Lannavaara Lodge.<\/p>\n<p><strong>Ziua 5:<\/strong><br \/>\nDe la Lannavaara vom merge de-a lungul \"drumului tutunului\", vechi de c\u00e2teva sute de ani, pe care laponii \u00eel foloseau pentru a importa tutun \u0219i alte bunuri de consum \u00eentr-o perioad\u0103 \u00een care aveau doar schiuri \u0219i cai. Pe aici vom merge direct la aeroport, unde se \u00eencheie c\u0103l\u0103toria dumneavoastr\u0103.<br \/>\n<em>* Programul este preliminar \u0219i poate fi modificat \u00een func\u021bie de condi\u021biile locale<\/em><\/p>\n<hr \/>\n<h3 style=\"color: #d1a86b;\">Pre\u021b pentru pachet<\/h3>\n<p><strong>De la 4.800 \u20ac de persoan\u0103<\/strong><\/p>\n<hr \/>\n<h3 style=\"color: #d1a86b;\">Pachetul include<\/h3>\n<ul>\n<li>\u00cenchiriere snowmobil (fiecare participant are propriul snowmobil), asigurare cu fran\u0219iz\u0103 de 3.000 EUR<\/li>\n<li>Echipament de exterior adecvat pentru toate tipurile de activit\u0103\u021bi \u00een condi\u021bii extreme<\/li>\n<li>1h30min plimbare de aventur\u0103 cu sania tras\u0103 de c\u00e2ini<\/li>\n<li>Doi ghizi locali profesioni\u0219ti vorbitori de limb\u0103 englez\u0103 \u0219i un coordonator Ricard &amp; Bonette<\/li>\n<li>Cazare \u00een camere duble comune* \u0219i \u00een cabane, cu mic dejun bogat \u0219i acces la saun\u0103<\/li>\n<li>Tur prin Icehotel \u0219i 2h de \u00eenchiriere privat\u0103 a saunei suedeze \u00een ziua sosirii<\/li>\n<li>Toate alimentele \u0219i b\u0103uturile nealcoolice \u00een timpul sejurului<\/li>\n<\/ul>\n<p><em>* Camera\/cabina single este la un cost suplimentar.<\/em><\/p>\n<h5 class=\"btn-custom\" style=\"text-align: center; background-color: #d1a86b; padding: 12px; border-radius: 4px; display: inline-block; margin-top: 20px;\"><span style=\"color: #ffffff; font-family: helvetica,arial,sans-serif; font-size: 14px;\"><a style=\"color: #ffffff; text-decoration: none;\" href=\"https:\/\/exclusiveelitetravel.com\/ro\/vacanta-personalizata-2\/\" target=\"_blank\" rel=\"noopener noreferrer\"><b>Contacta\u021bi-ne pentru a v\u0103 rezerva expedi\u021bia \u00een Laponia<\/b><\/a><\/span><\/h5>","protected":false},"excerpt":{"rendered":"<p>Expedition Lapland 16.\u201320. &amp; 22.\u201326. March 2026 Snowmobile expedition in Lapland is a five-day polar adventure designed for active explorers. In Sweden, Norway, and Finland, you will cover more than 500 kilometers on snowmobiles. Awaiting you are untouched Nordic landscapes, endless snowy plains, vast forests, and frozen lakes. Pristine Nature and Great Fellowship Lapland means [&#8230;]","protected":false},"featured_media":14335,"comment_status":"closed","ping_status":"closed","template":"","meta":{"_expiration-date-status":"","_expiration-date":0,"_expiration-date-type":"","_expiration-date-categories":[],"_expiration-date-options":[]},"product_brand":[],"product_cat":[317,311],"product_tag":[],"class_list":{"0":"post-14334","1":"product","2":"type-product","3":"status-publish","4":"has-post-thumbnail","6":"product_cat-active-adventure","7":"product_cat-vacations","9":"first","10":"instock","11":"shipping-taxable","12":"product-type-simple"},"_links":{"self":[{"href":"https:\/\/exclusiveelitetravel.com\/ro\/wp-json\/wp\/v2\/product\/14334","targetHints":{"allow":["GET"]}}],"collection":[{"href":"https:\/\/exclusiveelitetravel.com\/ro\/wp-json\/wp\/v2\/product"}],"about":[{"href":"https:\/\/exclusiveelitetravel.com\/ro\/wp-json\/wp\/v2\/types\/product"}],"replies":[{"embeddable":true,"href":"https:\/\/exclusiveelitetravel.com\/ro\/wp-json\/wp\/v2\/comments?post=14334"}],"wp:featuredmedia":[{"embeddable":true,"href":"https:\/\/exclusiveelitetravel.com\/ro\/wp-json\/wp\/v2\/media\/14335"}],"wp:attachment":[{"href":"https:\/\/exclusiveelitetravel.com\/ro\/wp-json\/wp\/v2\/media?parent=14334"}],"wp:term":[{"taxonomy":"product_brand","embeddable":true,"href":"https:\/\/exclusiveelitetravel.com\/ro\/wp-json\/wp\/v2\/product_brand?post=14334"},{"taxonomy":"product_cat","embeddable":true,"href":"https:\/\/exclusiveelitetravel.com\/ro\/wp-json\/wp\/v2\/product_cat?post=14334"},{"taxonomy":"product_tag","embeddable":true,"href":"https:\/\/exclusiveelitetravel.com\/ro\/wp-json\/wp\/v2\/product_tag?post=14334"}],"curies":[{"name":"wp","href":"https:\/\/api.w.org\/{rel}","templated":true}]}}