{"id":14313,"date":"2025-10-07T12:55:37","date_gmt":"2025-10-07T12:55:37","guid":{"rendered":"https:\/\/exclusiveelitetravel.com\/?post_type=product&#038;p=14313"},"modified":"2025-10-07T12:55:37","modified_gmt":"2025-10-07T12:55:37","slug":"esenta-omanului","status":"publish","type":"product","link":"https:\/\/exclusiveelitetravel.com\/ro\/experiente-2\/esenta-omanului\/","title":{"rendered":"Esen\u021ba Omanului"},"content":{"rendered":"<p>\u00cembarca\u021bi-v\u0103 \u00een Essence of Oman, o c\u0103l\u0103torie de lux curat\u0103 care dezv\u0103luie sufletul \u021b\u0103rii prin cultura, peisajele \u0219i tradi\u021biile sale. De la grandoarea Marii Moschei Sultan Qaboos din Muscat \u0219i souq-urile vibrante, la terasele r\u0103coroase \u0219i satele din Jebel Akhdar, dunele aurii din Wahiba Sands \u0219i apele cristaline ale insulelor Daymaniyat, fiecare destina\u021bie \u00eembin\u0103 autenticitatea cu elegan\u021ba rafinat\u0103. Cu transferuri private, ghizi exper\u021bi \u0219i cazare de clas\u0103 mondial\u0103, fiecare moment este conceput pentru a v\u0103 inspira, \u00eenc\u00e2nta \u0219i conecta cu farmecul atemporal al Omanului.<\/p>\n<hr \/>\n<h3 style=\"color: #d1a86b;\">ZIUA 01 - SOSIRE LA MUSCAT<\/h3>\n<p>Escapada dvs. de lux \u00eencepe \u00een momentul \u00een care ateriza\u021bi, unde un concierge personal v\u0103 va \u00eent\u00e2mpina la podul aerian pentru o imigrare rapid\u0103 f\u0103r\u0103 probleme \u0219i pentru gestionarea bagajelor. Un \u0219ofer privat v\u0103 va escorta la hotel, unde v\u0103 pute\u021bi relaxa \u0219i admira frumuse\u021bea ora\u0219ului Muscat.<\/p>\n<p>Posibilitatea de a ad\u0103uga asisten\u021ba \"Meet &amp; Greet\" la aeroport cu imigrare \u0219i vam\u0103 rapid\u0103 \u0219i privat\u0103.<\/p>\n<p><strong>Peste noapte la:<\/strong> Muscat<\/p>\n<p><strong>Sugestie:<\/strong> The Chedi Muscat \/ Mandarin Oriental \/ St Regis Al Mouj<\/p>\n<hr \/>\n<h3 style=\"color: #d1a86b;\">ZIUA 02 - DESCOPERI\u021aI MUSCAT<\/h3>\n<table style=\"border-collapse: collapse; width: 100%;\">\n<tbody>\n<tr>\n<td style=\"width: 50%;\"><img loading=\"lazy\" decoding=\"async\" class=\"aligncenter size-full wp-image-14291\" src=\"https:\/\/exclusiveelitetravel.com\/wp-content\/uploads\/2025\/10\/unnamed-14.png\" alt=\"\" width=\"224\" height=\"150\" srcset=\"https:\/\/exclusiveelitetravel.com\/wp-content\/uploads\/2025\/10\/unnamed-14.png 224w, https:\/\/exclusiveelitetravel.com\/wp-content\/uploads\/2025\/10\/unnamed-14-18x12.png 18w\" sizes=\"auto, (max-width: 224px) 100vw, 224px\" \/><\/td>\n<td style=\"width: 50%;\"><img loading=\"lazy\" decoding=\"async\" class=\"aligncenter wp-image-14293 size-full\" src=\"https:\/\/exclusiveelitetravel.com\/wp-content\/uploads\/2025\/10\/unnamed-13.png\" alt=\"\" width=\"227\" height=\"152\" srcset=\"https:\/\/exclusiveelitetravel.com\/wp-content\/uploads\/2025\/10\/unnamed-13.png 227w, https:\/\/exclusiveelitetravel.com\/wp-content\/uploads\/2025\/10\/unnamed-13-18x12.png 18w\" sizes=\"auto, (max-width: 227px) 100vw, 227px\" \/><\/td>\n<\/tr>\n<\/tbody>\n<\/table>\n<p>\u00cencepe\u021bi-v\u0103 ziua cu o vizit\u0103 la uluitoarea Mare Moschee Sultan Qaboos, \u00eempodobit\u0103 cu candelabre complicate \u0219i cu unul dintre cele mai mari covoare \u021besute manual din lume. Continua\u021bi cu Royal Opera House Muscat, un simbol al elegan\u021bei \u0219i rafinamentului cultural omanez.<\/p>\n<p>Plimba\u021bi-v\u0103 de-a lungul Muttrah Corniche, admir\u00e2nd priveli\u0219tile portului, apoi explora\u021bi Muttrah Souq, un labirint de parfumuri \u0219i culori unde pute\u021bi cump\u0103ra argint, mirodenii \u0219i t\u0103m\u00e2ie din Oman. P\u0103trunde\u021bi \u00een istoria Omanului la Muzeul Bait Al Zubair, care g\u0103zduie\u0219te artefacte fascinante \u0219i informa\u021bii despre patrimoniul \u021b\u0103rii.<\/p>\n<p>\u00centoarce\u021bi-v\u0103 la hotel \u0219i bucura\u021bi-v\u0103 de o sear\u0103 relaxant\u0103 la piscin\u0103 sau r\u0103sf\u0103\u021ba\u021bi-v\u0103 cu o experien\u021b\u0103 culinar\u0103 rafinat\u0103.<\/p>\n<p><strong>Peste noapte la:<\/strong> Muscat<\/p>\n<p><strong>Sugestie:<\/strong> The Chedi Muscat \/ Mandarin Oriental \/ St Regis Al Mouj<\/p>\n<hr \/>\n<h3 style=\"color: #d1a86b;\">ZIUA 03 - FORT NIZWA &amp; SOUQ NIZWA<\/h3>\n<table style=\"border-collapse: collapse; width: 100%;\">\n<tbody>\n<tr>\n<td style=\"width: 50%;\"><img loading=\"lazy\" decoding=\"async\" class=\"aligncenter wp-image-14297 size-full\" src=\"https:\/\/exclusiveelitetravel.com\/wp-content\/uploads\/2025\/10\/unnamed-17.png\" alt=\"\" width=\"241\" height=\"150\" srcset=\"https:\/\/exclusiveelitetravel.com\/wp-content\/uploads\/2025\/10\/unnamed-17.png 241w, https:\/\/exclusiveelitetravel.com\/wp-content\/uploads\/2025\/10\/unnamed-17-18x12.png 18w\" sizes=\"auto, (max-width: 241px) 100vw, 241px\" \/><\/td>\n<td style=\"width: 50%;\"><img loading=\"lazy\" decoding=\"async\" class=\"aligncenter wp-image-14298 size-full\" src=\"https:\/\/exclusiveelitetravel.com\/wp-content\/uploads\/2025\/10\/unnamed-18.png\" alt=\"\" width=\"201\" height=\"151\" srcset=\"https:\/\/exclusiveelitetravel.com\/wp-content\/uploads\/2025\/10\/unnamed-18.png 201w, https:\/\/exclusiveelitetravel.com\/wp-content\/uploads\/2025\/10\/unnamed-18-16x12.png 16w\" sizes=\"auto, (max-width: 201px) 100vw, 201px\" \/><\/td>\n<\/tr>\n<\/tbody>\n<\/table>\n<p>Cobor\u00e2\u021bi din mun\u021bi la Nizwa, fosta capital\u0103 \u0219i bijuterie cultural\u0103 a Omanului. Descoperi\u021bi impresionantul Fort Nizwa, cu turnul s\u0103u circular masiv care ofer\u0103 vederi uimitoare asupra oazei pline de palmieri. Plimba\u021bi-v\u0103 prin Nizwa Souq, unde artizanii v\u00e2nd bijuterii din argint, ceramic\u0103 \u0219i Omani Halwa, o dulcea\u021b\u0103 tradi\u021bional\u0103 condimentat\u0103, f\u0103cut\u0103 din curmale \u0219i \u0219ofran.<\/p>\n<p>Bucura\u021bi-v\u0103 de o sesiune de degustare de halwa \u0219i curmale, apoi \u00eentoarce\u021bi-v\u0103 la Jebel Akhdar pentru o sear\u0103 de relaxare, poate cu o b\u0103utur\u0103 la apus cu vedere la peisajele dramatice ale canionului.<\/p>\n<p><strong>Peste noapte la:<\/strong> Jebel Akhdar<\/p>\n<p><strong>Sugestie:<\/strong> Anantara Jebel Akhdar \/ Alila Jebel Akhdar<\/p>\n<hr \/>\n<h3 style=\"color: #d1a86b;\">ZIUA 04 - JEBEL AKHDAR<\/h3>\n<table style=\"border-collapse: collapse; width: 100%;\">\n<tbody>\n<tr>\n<td style=\"width: 50%;\"><img loading=\"lazy\" decoding=\"async\" class=\"aligncenter wp-image-14300 size-full\" src=\"https:\/\/exclusiveelitetravel.com\/wp-content\/uploads\/2025\/10\/unnamed-20.png\" alt=\"\" width=\"264\" height=\"147\" srcset=\"https:\/\/exclusiveelitetravel.com\/wp-content\/uploads\/2025\/10\/unnamed-20.png 264w, https:\/\/exclusiveelitetravel.com\/wp-content\/uploads\/2025\/10\/unnamed-20-18x10.png 18w, https:\/\/exclusiveelitetravel.com\/wp-content\/uploads\/2025\/10\/unnamed-20-262x147.png 262w\" sizes=\"auto, (max-width: 264px) 100vw, 264px\" \/><\/td>\n<td style=\"width: 50%;\"><img loading=\"lazy\" decoding=\"async\" class=\"aligncenter wp-image-14299 size-full\" src=\"https:\/\/exclusiveelitetravel.com\/wp-content\/uploads\/2025\/10\/unnamed-19.png\" alt=\"\" width=\"218\" height=\"148\" srcset=\"https:\/\/exclusiveelitetravel.com\/wp-content\/uploads\/2025\/10\/unnamed-19.png 218w, https:\/\/exclusiveelitetravel.com\/wp-content\/uploads\/2025\/10\/unnamed-19-18x12.png 18w\" sizes=\"auto, (max-width: 218px) 100vw, 218px\" \/><\/td>\n<\/tr>\n<\/tbody>\n<\/table>\n<p>Ajunge\u021bi \u00een Jebel Akhdar, \"Muntele Verde\", o oaz\u0103 luxuriant\u0103 situat\u0103 la 2000 m deasupra nivelului m\u0103rii, cunoscut\u0103 pentru fermele sale \u00een terase \u0219i clima bl\u00e2nd\u0103. Explora\u021bi sate pitore\u0219ti precum Wadi Bani Habib \u0219i Saiq, unde rodiile, piersicile \u0219i trandafirii \u00eenfloresc datorit\u0103 vechiului sistem de iriga\u021bii falaj.<\/p>\n<p>Plimba\u021bi-v\u0103 pe trasee pitore\u0219ti, respira\u021bi aerul r\u0103coros de munte \u0219i admira\u021bi priveli\u0219tile panoramice ale canionului \u00eenainte de a v\u0103 caza \u00een refugiul dvs. montan de lux.<\/p>\n<p><strong>Peste noapte la:<\/strong> Jebel Akhdar<\/p>\n<p><strong>Sugestie:<\/strong> Anantara Jebel Akhdar \/ Alila Jebel Akhdar<\/p>\n<hr \/>\n<h3 style=\"color: #d1a86b;\">ZIUA 05 - EXPERIEN\u021a\u0102 UNIC\u0102 \u00ceN WAHIBA SANDS<\/h3>\n<table style=\"border-collapse: collapse; width: 100%;\">\n<tbody>\n<tr>\n<td style=\"width: 50%;\"><img loading=\"lazy\" decoding=\"async\" class=\"aligncenter wp-image-14301 size-full\" src=\"https:\/\/exclusiveelitetravel.com\/wp-content\/uploads\/2025\/10\/unnamed-21.png\" alt=\"\" width=\"185\" height=\"123\" srcset=\"https:\/\/exclusiveelitetravel.com\/wp-content\/uploads\/2025\/10\/unnamed-21.png 185w, https:\/\/exclusiveelitetravel.com\/wp-content\/uploads\/2025\/10\/unnamed-21-18x12.png 18w\" sizes=\"auto, (max-width: 185px) 100vw, 185px\" \/><\/td>\n<td style=\"width: 50%;\"><img loading=\"lazy\" decoding=\"async\" class=\"aligncenter wp-image-14302 size-full\" src=\"https:\/\/exclusiveelitetravel.com\/wp-content\/uploads\/2025\/10\/unnamed-22.png\" alt=\"\" width=\"251\" height=\"123\" srcset=\"https:\/\/exclusiveelitetravel.com\/wp-content\/uploads\/2025\/10\/unnamed-22.png 251w, https:\/\/exclusiveelitetravel.com\/wp-content\/uploads\/2025\/10\/unnamed-22-18x9.png 18w\" sizes=\"auto, (max-width: 251px) 100vw, 251px\" \/><\/td>\n<\/tr>\n<\/tbody>\n<\/table>\n<p>L\u0103sa\u021bi \u00een urm\u0103 mun\u021bii r\u0103coro\u0219i \u0219i \u00eendrepta\u021bi-v\u0103 spre de\u0219ertul vast Wahiba Sands. La sosire, \u00eent\u00e2lni\u021bi-v\u0103 \u0219oferul beduin \u0219i \u00eencepe\u021bi o c\u0103l\u0103torie palpitant\u0103 prin dune. Pentru cei interesa\u021bi, exist\u0103 chiar posibilitatea de a \u00eenv\u0103\u021ba cum s\u0103 conduci \u00een nisip - o experien\u021b\u0103 distractiv\u0103 \u0219i memorabil\u0103!<\/p>\n<p>Traversa\u021bi de\u0219ertul pentru a ajunge la tab\u0103ra dvs. privat\u0103 amplasat\u0103 \u00een inima dunelor. La c\u0103derea nop\u021bii, bucura\u021bi-v\u0103 de o sear\u0103 magic\u0103 sub stele, cu o cin\u0103 tradi\u021bional\u0103 Omani. L\u0103sa\u021bi lini\u0219tea de\u0219ertului, c\u0103ldura focului \u0219i autenticitatea momentului s\u0103 creeze amintiri de durat\u0103.<\/p>\n<p><strong>Peste noapte la:<\/strong> Tab\u0103r\u0103 \u00een de\u0219ert<\/p>\n<p><strong>Sugestie:<\/strong> Clubul Canvas<\/p>\n<hr \/>\n<h3 style=\"color: #d1a86b;\">ZIUA 06 - WADI SHAB - WADI AL ARBEIEEN - MUSCAT<\/h3>\n<table style=\"border-collapse: collapse; width: 100%;\">\n<tbody>\n<tr>\n<td style=\"width: 50%;\"><img loading=\"lazy\" decoding=\"async\" class=\"aligncenter wp-image-14303 size-full\" src=\"https:\/\/exclusiveelitetravel.com\/wp-content\/uploads\/2025\/10\/unnamed-23.png\" alt=\"\" width=\"278\" height=\"190\" srcset=\"https:\/\/exclusiveelitetravel.com\/wp-content\/uploads\/2025\/10\/unnamed-23.png 278w, https:\/\/exclusiveelitetravel.com\/wp-content\/uploads\/2025\/10\/unnamed-23-18x12.png 18w\" sizes=\"auto, (max-width: 278px) 100vw, 278px\" \/><\/td>\n<td style=\"width: 50%;\"><img loading=\"lazy\" decoding=\"async\" class=\"aligncenter wp-image-14304 size-full\" src=\"https:\/\/exclusiveelitetravel.com\/wp-content\/uploads\/2025\/10\/unnamed-24.png\" alt=\"\" width=\"142\" height=\"190\" srcset=\"https:\/\/exclusiveelitetravel.com\/wp-content\/uploads\/2025\/10\/unnamed-24.png 142w, https:\/\/exclusiveelitetravel.com\/wp-content\/uploads\/2025\/10\/unnamed-24-9x12.png 9w\" sizes=\"auto, (max-width: 142px) 100vw, 142px\" \/><\/td>\n<\/tr>\n<\/tbody>\n<\/table>\n<p>&nbsp;<\/p>\n<p>Plimba\u021bi-v\u0103 prin canionul dramatic Wadi Shab, unde o scurt\u0103 plimbare cu barca v\u0103 conduce \u00een defileuri luxuriante \u0219i piscine cristaline. \u00cenota\u021bi prin apele turcoaz pentru a ajunge la o cascad\u0103 ascuns\u0103 \u00een interiorul unei pe\u0219teri - o adev\u0103rat\u0103 minune natural\u0103.<\/p>\n<p>Apoi, continua\u021bi spre Wadi Al Arbeieen, un paradis izolat cu piscine naturale ad\u00e2nci, \u00eenconjurat de st\u00e2nci st\u00e2ncoase \u0219i palmieri - perfect pentru o baie r\u0103coritoare \u00een lini\u0219te deplin\u0103.<\/p>\n<p>Dup\u0103 aceast\u0103 zi plin\u0103 de aventuri, \u00eentoarce\u021bi-v\u0103 la Muscat pentru o ultim\u0103 sear\u0103 de relaxare, fie la centrul spa al hotelului, fie \u00eentr-o croazier\u0103 lini\u0219tit\u0103 la apus de soare de-a lungul coastei.<\/p>\n<p><strong>Peste noapte la:<\/strong> Muscat<\/p>\n<p><strong>Sugestie:<\/strong> Golful Jumeirah Muscat<\/p>\n<hr \/>\n<h3 style=\"color: #d1a86b;\">ZIUA 07 - EXCURSIE CU BARCA PRIVAT\u0102 \u00ceN INSULA DAYMANYIAT<\/h3>\n<table style=\"border-collapse: collapse; width: 100%;\">\n<tbody>\n<tr>\n<td style=\"width: 50%;\"><img loading=\"lazy\" decoding=\"async\" class=\"aligncenter wp-image-14294 size-full\" src=\"https:\/\/exclusiveelitetravel.com\/wp-content\/uploads\/2025\/10\/unnamed-15.png\" alt=\"\" width=\"219\" height=\"164\" srcset=\"https:\/\/exclusiveelitetravel.com\/wp-content\/uploads\/2025\/10\/unnamed-15.png 219w, https:\/\/exclusiveelitetravel.com\/wp-content\/uploads\/2025\/10\/unnamed-15-16x12.png 16w\" sizes=\"auto, (max-width: 219px) 100vw, 219px\" \/><\/td>\n<td style=\"width: 50%;\"><img loading=\"lazy\" decoding=\"async\" class=\"aligncenter wp-image-14295 size-full\" src=\"https:\/\/exclusiveelitetravel.com\/wp-content\/uploads\/2025\/10\/unnamed-16.png\" alt=\"\" width=\"225\" height=\"164\" srcset=\"https:\/\/exclusiveelitetravel.com\/wp-content\/uploads\/2025\/10\/unnamed-16.png 225w, https:\/\/exclusiveelitetravel.com\/wp-content\/uploads\/2025\/10\/unnamed-16-16x12.png 16w\" sizes=\"auto, (max-width: 225px) 100vw, 225px\" \/><\/td>\n<\/tr>\n<\/tbody>\n<\/table>\n<p>Porni\u021bi \u00eentr-o excursie privat\u0103 de o jum\u0103tate de zi cu barca spre uluitoarele insule Daymaniyat, o rezerva\u021bie marin\u0103 protejat\u0103 renumit\u0103 pentru apele sale cristaline \u0219i recifele de corali vibrante. Face\u021bi snorkeling \u00een lagunele pu\u021bin ad\u00e2nci al\u0103turi de pe\u0219ti colora\u021bi, \u021bestoase marine \u0219i alte vie\u021buitoare marine exotice - o aventur\u0103 distractiv\u0103 \u0219i de neuitat pentru \u00eentreaga familie.<\/p>\n<p>Posibilitatea de a organiza un pr\u00e2nz la gr\u0103tar, fie la bordul b\u0103rcii, fie pe plaj\u0103, pentru o experien\u021b\u0103 cu adev\u0103rat special\u0103 \u00een mijlocul naturii.<\/p>\n<p><strong>Peste noapte la:<\/strong> Muscat<\/p>\n<p><strong>Sugestie:<\/strong> Golful Jumeirah Muscat<\/p>\n<hr \/>\n<h3 style=\"color: #d1a86b;\">ZIUA 08 - PLECARE<\/h3>\n<p>Transfer de la hotel la Aeroportul Muscat, programat cu 3 ore \u00eenainte de plecarea zborului, pentru a asigura un proces de check-in \u0219i \u00eembarcare f\u0103r\u0103 probleme. Alternativ, dac\u0103 dori\u021bi s\u0103 v\u0103 prelungi\u021bi sejurul, vom fi bucuro\u0219i s\u0103 organiz\u0103m c\u00e2teva zile suplimentare de relaxare \u00een Muscat. Comunica\u021bi-ne preferin\u021bele dvs. \u0219i v\u0103 vom personaliza finalul perfect al c\u0103l\u0103toriei dvs.<\/p>\n<h5 class=\"btn-custom\" style=\"text-align: center; background-color: #d1a86b; padding: 12px; border-radius: 4px; display: inline-block; margin-top: 20px;\"><span style=\"color: #ffffff; font-family: helvetica,arial,sans-serif; font-size: 14px;\"><a style=\"color: #ffffff; text-decoration: none;\" href=\"https:\/\/exclusiveelitetravel.com\/ro\/vacanta-personalizata-2\/\" target=\"_blank\" rel=\"noopener noreferrer\"><b>Contacta\u021bi-ne pentru a v\u0103 rezerva c\u0103l\u0103toria de lux \u00een Oman<\/b><\/a><\/span><\/h5>\n<p>Fie c\u0103 c\u0103uta\u021bi profunzime cultural\u0103, minuni naturale sau r\u0103sf\u0103\u021b senin, Essence of Oman v\u0103 ofer\u0103 o evadare personalizat\u0103 care dep\u0103\u0219e\u0219te a\u0219tept\u0103rile. L\u0103sa\u021bi-ne s\u0103 v\u0103 cre\u0103m o aventur\u0103 personalizat\u0103 \u00een Oman - un amestec perfect de descoperire, lux \u0219i momente de neuitat, \u00een care fiecare apus de soare \u0219i fiecare \u00eent\u00e2lnire devin parte din propria dvs. poveste remarcabil\u0103.<\/p>","protected":false},"excerpt":{"rendered":"<p>Embark on Essence of Oman, a curated luxury journey that unveils the country\u2019s soul through its culture, landscapes, and traditions. From the grandeur of Muscat\u2019s Sultan Qaboos Grand Mosque and vibrant souqs, to the cool terraces and villages of Jebel Akhdar, the golden dunes of Wahiba Sands, and the crystalline waters of the Daymaniyat Islands, [&#8230;]","protected":false},"featured_media":14314,"comment_status":"closed","ping_status":"closed","template":"","meta":{"_expiration-date-status":"","_expiration-date":0,"_expiration-date-type":"","_expiration-date-categories":[],"_expiration-date-options":[]},"product_brand":[],"product_cat":[317,11,169,311],"product_tag":[],"class_list":{"0":"post-14313","1":"product","2":"type-product","3":"status-publish","4":"has-post-thumbnail","6":"product_cat-active-adventure","7":"product_cat-asia","8":"product_cat-oman","9":"product_cat-vacations","11":"first","12":"instock","13":"shipping-taxable","14":"product-type-simple"},"_links":{"self":[{"href":"https:\/\/exclusiveelitetravel.com\/ro\/wp-json\/wp\/v2\/product\/14313","targetHints":{"allow":["GET"]}}],"collection":[{"href":"https:\/\/exclusiveelitetravel.com\/ro\/wp-json\/wp\/v2\/product"}],"about":[{"href":"https:\/\/exclusiveelitetravel.com\/ro\/wp-json\/wp\/v2\/types\/product"}],"replies":[{"embeddable":true,"href":"https:\/\/exclusiveelitetravel.com\/ro\/wp-json\/wp\/v2\/comments?post=14313"}],"wp:featuredmedia":[{"embeddable":true,"href":"https:\/\/exclusiveelitetravel.com\/ro\/wp-json\/wp\/v2\/media\/14314"}],"wp:attachment":[{"href":"https:\/\/exclusiveelitetravel.com\/ro\/wp-json\/wp\/v2\/media?parent=14313"}],"wp:term":[{"taxonomy":"product_brand","embeddable":true,"href":"https:\/\/exclusiveelitetravel.com\/ro\/wp-json\/wp\/v2\/product_brand?post=14313"},{"taxonomy":"product_cat","embeddable":true,"href":"https:\/\/exclusiveelitetravel.com\/ro\/wp-json\/wp\/v2\/product_cat?post=14313"},{"taxonomy":"product_tag","embeddable":true,"href":"https:\/\/exclusiveelitetravel.com\/ro\/wp-json\/wp\/v2\/product_tag?post=14313"}],"curies":[{"name":"wp","href":"https:\/\/api.w.org\/{rel}","templated":true}]}}