{"id":14185,"date":"2025-09-19T15:01:57","date_gmt":"2025-09-19T15:01:57","guid":{"rendered":"https:\/\/exclusiveelitetravel.com\/?post_type=product&#038;p=14185"},"modified":"2025-09-19T15:01:57","modified_gmt":"2025-09-19T15:01:57","slug":"vila-de-familie-exceptionala-in-st-tropez-gentle-breeze","status":"publish","type":"product","link":"https:\/\/exclusiveelitetravel.com\/ro\/experiente-2\/vila-de-familie-exceptionala-in-st-tropez-gentle-breeze\/","title":{"rendered":"Vil\u0103 de familie excep\u021bional\u0103 \u00een St. Tropez - Gentle Breeze"},"content":{"rendered":"<h2 style=\"font-weight: 400;\"><span style=\"color: #d1a86b;\"><strong>Gentle Breeze - St. Tropez<\/strong><\/span><\/h2>\n<p style=\"font-weight: 400;\">Suntem \u00eenc\u00e2nta\u021bi s\u0103 v\u0103 prezent\u0103m Gentle Breeze, o proprietate remarcabil\u0103 din St. Tropez care ofer\u0103 combina\u021bia ideal\u0103 de confort rafinat, intimitate \u0219i activit\u0103\u021bi de familie pentru cei mai exigen\u021bi clien\u021bi. Amplasat\u0103 \u00eentr-o gr\u0103din\u0103 privat\u0103 luxuriant\u0103, la doar c\u00e2teva momente de nisipurile iconice din St. Tropez, aceast\u0103 vil\u0103 cu cinci dormitoare este conceput\u0103 pentru familiile care apreciaz\u0103 at\u00e2t relaxarea, c\u00e2t \u0219i recreerea. O scurt\u0103 plimbare v\u0103 duce la frumoasa plaj\u0103, \u00een timp ce facilit\u0103\u021bile extinse ale propriet\u0103\u021bii creeaz\u0103 un adev\u0103rat paradis pentru toate v\u00e2rstele.<\/p>\n<p><img loading=\"lazy\" decoding=\"async\" class=\"aligncenter size-full wp-image-14186\" src=\"https:\/\/exclusiveelitetravel.com\/wp-content\/uploads\/2025\/09\/unnamed-27-1.jpg\" alt=\"\" width=\"1024\" height=\"445\" srcset=\"https:\/\/exclusiveelitetravel.com\/wp-content\/uploads\/2025\/09\/unnamed-27-1.jpg 1024w, https:\/\/exclusiveelitetravel.com\/wp-content\/uploads\/2025\/09\/unnamed-27-1-500x217.jpg 500w, https:\/\/exclusiveelitetravel.com\/wp-content\/uploads\/2025\/09\/unnamed-27-1-768x334.jpg 768w, https:\/\/exclusiveelitetravel.com\/wp-content\/uploads\/2025\/09\/unnamed-27-1-18x8.jpg 18w, https:\/\/exclusiveelitetravel.com\/wp-content\/uploads\/2025\/09\/unnamed-27-1-555x241.jpg 555w\" sizes=\"auto, (max-width: 1024px) 100vw, 1024px\" \/> <img loading=\"lazy\" decoding=\"async\" class=\"aligncenter size-full wp-image-14187\" src=\"https:\/\/exclusiveelitetravel.com\/wp-content\/uploads\/2025\/09\/unnamed-28-1.jpg\" alt=\"\" width=\"1024\" height=\"445\" srcset=\"https:\/\/exclusiveelitetravel.com\/wp-content\/uploads\/2025\/09\/unnamed-28-1.jpg 1024w, https:\/\/exclusiveelitetravel.com\/wp-content\/uploads\/2025\/09\/unnamed-28-1-500x217.jpg 500w, https:\/\/exclusiveelitetravel.com\/wp-content\/uploads\/2025\/09\/unnamed-28-1-768x334.jpg 768w, https:\/\/exclusiveelitetravel.com\/wp-content\/uploads\/2025\/09\/unnamed-28-1-18x8.jpg 18w, https:\/\/exclusiveelitetravel.com\/wp-content\/uploads\/2025\/09\/unnamed-28-1-555x241.jpg 555w\" sizes=\"auto, (max-width: 1024px) 100vw, 1024px\" \/><\/p>\n<p style=\"font-weight: 400;\">Pentru oaspe\u021bii mai tineri, vila are o piscin\u0103 \u00eemprejmuit\u0103 \u00een siguran\u021b\u0103, por\u021bi pentru fotbal, un co\u0219 de baschet, trambulin\u0103 \u0219i tenis de mas\u0103, asigur\u00e2ndu-se c\u0103 copiii se bucur\u0103 de fiecare minut al \u0219ederii lor. Adul\u021bii vor aprecia sauna indulgent\u0103 a vilei, hamamul din apartamentul principal \u0219i sala de gimnastic\u0103 complet echipat\u0103.<\/p>\n<p><img loading=\"lazy\" decoding=\"async\" class=\"aligncenter size-full wp-image-14188\" src=\"https:\/\/exclusiveelitetravel.com\/wp-content\/uploads\/2025\/09\/unnamed-29-1.jpg\" alt=\"\" width=\"1024\" height=\"445\" srcset=\"https:\/\/exclusiveelitetravel.com\/wp-content\/uploads\/2025\/09\/unnamed-29-1.jpg 1024w, https:\/\/exclusiveelitetravel.com\/wp-content\/uploads\/2025\/09\/unnamed-29-1-500x217.jpg 500w, https:\/\/exclusiveelitetravel.com\/wp-content\/uploads\/2025\/09\/unnamed-29-1-768x334.jpg 768w, https:\/\/exclusiveelitetravel.com\/wp-content\/uploads\/2025\/09\/unnamed-29-1-18x8.jpg 18w, https:\/\/exclusiveelitetravel.com\/wp-content\/uploads\/2025\/09\/unnamed-29-1-555x241.jpg 555w\" sizes=\"auto, (max-width: 1024px) 100vw, 1024px\" \/> <img loading=\"lazy\" decoding=\"async\" class=\"aligncenter size-full wp-image-14189\" src=\"https:\/\/exclusiveelitetravel.com\/wp-content\/uploads\/2025\/09\/unnamed-30-1.jpg\" alt=\"\" width=\"1024\" height=\"445\" srcset=\"https:\/\/exclusiveelitetravel.com\/wp-content\/uploads\/2025\/09\/unnamed-30-1.jpg 1024w, https:\/\/exclusiveelitetravel.com\/wp-content\/uploads\/2025\/09\/unnamed-30-1-500x217.jpg 500w, https:\/\/exclusiveelitetravel.com\/wp-content\/uploads\/2025\/09\/unnamed-30-1-768x334.jpg 768w, https:\/\/exclusiveelitetravel.com\/wp-content\/uploads\/2025\/09\/unnamed-30-1-18x8.jpg 18w, https:\/\/exclusiveelitetravel.com\/wp-content\/uploads\/2025\/09\/unnamed-30-1-555x241.jpg 555w\" sizes=\"auto, (max-width: 1024px) 100vw, 1024px\" \/><\/p>\n<h2 style=\"font-weight: 400;\"><span style=\"color: #d1a86b;\"><strong>Punctele forte includ<\/strong><\/span><\/h2>\n<ul style=\"font-weight: 400;\">\n<li>Cinci dormitoare spa\u021bioase \u0219i patru b\u0103i, care pot g\u0103zdui p\u00e2n\u0103 la zece persoane<\/li>\n<li>Gr\u0103din\u0103 \u0219i zon\u0103 de piscin\u0103 extinse, perfecte pentru relaxare \u0219i joac\u0103<\/li>\n<li>Personal dedicat, inclusiv un buc\u0103tar \u0219ef privat \u0219i cameriste, care ofer\u0103 servicii f\u0103r\u0103 \u00eentreruperi<\/li>\n<li>Sal\u0103 de cinema \u0219i spa\u021bii de living elegante pentru relaxare dup\u0103 o zi la plaj\u0103<\/li>\n<\/ul>\n<p><img loading=\"lazy\" decoding=\"async\" class=\"aligncenter size-full wp-image-14190\" src=\"https:\/\/exclusiveelitetravel.com\/wp-content\/uploads\/2025\/09\/unnamed-31-1.jpg\" alt=\"\" width=\"1024\" height=\"445\" srcset=\"https:\/\/exclusiveelitetravel.com\/wp-content\/uploads\/2025\/09\/unnamed-31-1.jpg 1024w, https:\/\/exclusiveelitetravel.com\/wp-content\/uploads\/2025\/09\/unnamed-31-1-500x217.jpg 500w, https:\/\/exclusiveelitetravel.com\/wp-content\/uploads\/2025\/09\/unnamed-31-1-768x334.jpg 768w, https:\/\/exclusiveelitetravel.com\/wp-content\/uploads\/2025\/09\/unnamed-31-1-18x8.jpg 18w, https:\/\/exclusiveelitetravel.com\/wp-content\/uploads\/2025\/09\/unnamed-31-1-555x241.jpg 555w\" sizes=\"auto, (max-width: 1024px) 100vw, 1024px\" \/> <img loading=\"lazy\" decoding=\"async\" class=\"aligncenter size-full wp-image-14191\" src=\"https:\/\/exclusiveelitetravel.com\/wp-content\/uploads\/2025\/09\/unnamed-32.jpg\" alt=\"\" width=\"1024\" height=\"445\" srcset=\"https:\/\/exclusiveelitetravel.com\/wp-content\/uploads\/2025\/09\/unnamed-32.jpg 1024w, https:\/\/exclusiveelitetravel.com\/wp-content\/uploads\/2025\/09\/unnamed-32-500x217.jpg 500w, https:\/\/exclusiveelitetravel.com\/wp-content\/uploads\/2025\/09\/unnamed-32-768x334.jpg 768w, https:\/\/exclusiveelitetravel.com\/wp-content\/uploads\/2025\/09\/unnamed-32-18x8.jpg 18w, https:\/\/exclusiveelitetravel.com\/wp-content\/uploads\/2025\/09\/unnamed-32-555x241.jpg 555w\" sizes=\"auto, (max-width: 1024px) 100vw, 1024px\" \/><\/p>\n<p style=\"font-weight: 400;\">Gentle Breeze v\u0103 ofer\u0103 o oportunitate rar\u0103 de a experimenta un refugiu de familie care \u00eembin\u0103 luxul vie\u021bii \u00een St. Tropez cu atingeri atente at\u00e2t pentru copii, c\u00e2t \u0219i pentru adul\u021bi.<\/p>\n<p style=\"font-weight: 400;\">V\u0103 rug\u0103m s\u0103 ne contacta\u021bi pentru a discuta disponibilitatea \u0219i pentru a personaliza sejurul perfect pentru dvs.<\/p>\n<h5 class=\"btn-custom\" style=\"text-align: center;\" align=\"justify\"><span style=\"color: #ffffff; font-family: helvetica, arial, sans-serif;\"><a style=\"color: #ffffff;\" href=\"https:\/\/exclusiveelitetravel.com\/ro\/vacanta-personalizata-2\/\" target=\"_blank\" rel=\"noopener noreferrer\"><span lang=\"en-US\"><b>Contacta\u021bi-ne pentru a v\u0103 planifica retragerea \u00een St. Tropez<\/b><\/span><\/a><\/span><\/h5>","protected":false},"excerpt":{"rendered":"<p>Gentle Breeze \u2013 St. Tropez We are delighted to introduce Gentle Breeze, a standout property in St. Tropez that offers the ideal blend of refined comfort, privacy, and family-friendly activities for the most discerning clients. Set within a lush, private garden just moments from the iconic sands of St. Tropez, this five-bedroom villa is designed [&#8230;]","protected":false},"featured_media":14186,"comment_status":"closed","ping_status":"closed","template":"","meta":{"_expiration-date-status":"","_expiration-date":0,"_expiration-date-type":"","_expiration-date-categories":[],"_expiration-date-options":[]},"product_brand":[],"product_cat":[337,311],"product_tag":[],"class_list":{"0":"post-14185","1":"product","2":"type-product","3":"status-publish","4":"has-post-thumbnail","6":"product_cat-chalet-villas","7":"product_cat-vacations","9":"first","10":"instock","11":"shipping-taxable","12":"product-type-simple"},"_links":{"self":[{"href":"https:\/\/exclusiveelitetravel.com\/ro\/wp-json\/wp\/v2\/product\/14185","targetHints":{"allow":["GET"]}}],"collection":[{"href":"https:\/\/exclusiveelitetravel.com\/ro\/wp-json\/wp\/v2\/product"}],"about":[{"href":"https:\/\/exclusiveelitetravel.com\/ro\/wp-json\/wp\/v2\/types\/product"}],"replies":[{"embeddable":true,"href":"https:\/\/exclusiveelitetravel.com\/ro\/wp-json\/wp\/v2\/comments?post=14185"}],"wp:featuredmedia":[{"embeddable":true,"href":"https:\/\/exclusiveelitetravel.com\/ro\/wp-json\/wp\/v2\/media\/14186"}],"wp:attachment":[{"href":"https:\/\/exclusiveelitetravel.com\/ro\/wp-json\/wp\/v2\/media?parent=14185"}],"wp:term":[{"taxonomy":"product_brand","embeddable":true,"href":"https:\/\/exclusiveelitetravel.com\/ro\/wp-json\/wp\/v2\/product_brand?post=14185"},{"taxonomy":"product_cat","embeddable":true,"href":"https:\/\/exclusiveelitetravel.com\/ro\/wp-json\/wp\/v2\/product_cat?post=14185"},{"taxonomy":"product_tag","embeddable":true,"href":"https:\/\/exclusiveelitetravel.com\/ro\/wp-json\/wp\/v2\/product_tag?post=14185"}],"curies":[{"name":"wp","href":"https:\/\/api.w.org\/{rel}","templated":true}]}}