{"id":14124,"date":"2025-09-12T11:39:43","date_gmt":"2025-09-12T11:39:43","guid":{"rendered":"https:\/\/exclusiveelitetravel.com\/?post_type=product&#038;p=14124"},"modified":"2025-09-12T11:49:43","modified_gmt":"2025-09-12T11:49:43","slug":"bucurati-va-de-experienta-arctica-completa-in-svalbard","status":"publish","type":"product","link":"https:\/\/exclusiveelitetravel.com\/ro\/experiente-2\/bucurati-va-de-experienta-arctica-completa-in-svalbard\/","title":{"rendered":"Bucura\u021bi-v\u0103 de experien\u021ba arctic\u0103 complet\u0103 \u00een Svalbard"},"content":{"rendered":"<h2 style=\"font-weight: 400;\"><span style=\"color: #d1a86b;\"><strong>O c\u0103l\u0103torie \u00een Arctica<\/strong><\/span><\/h2>\n<p style=\"font-weight: 400;\">O c\u0103l\u0103torie \u00een Arctica este plin\u0103 de multe momente memorabile. Vei privi aisberguri impun\u0103toare, vei pune piciorul pe un ghe\u021bar masiv \u0219i, dac\u0103 e\u0219ti norocos, vei vedea un urs polar. Despre asta este vorba \u00een aceast\u0103 expedi\u021bie.<\/p>\n<p style=\"font-weight: 400;\"><img loading=\"lazy\" decoding=\"async\" class=\"aligncenter size-full wp-image-14126\" src=\"https:\/\/exclusiveelitetravel.com\/wp-content\/uploads\/2025\/09\/unnamed-2.png\" alt=\"\" width=\"1602\" height=\"780\" srcset=\"https:\/\/exclusiveelitetravel.com\/wp-content\/uploads\/2025\/09\/unnamed-2.png 1602w, https:\/\/exclusiveelitetravel.com\/wp-content\/uploads\/2025\/09\/unnamed-2-500x243.png 500w, https:\/\/exclusiveelitetravel.com\/wp-content\/uploads\/2025\/09\/unnamed-2-1024x499.png 1024w, https:\/\/exclusiveelitetravel.com\/wp-content\/uploads\/2025\/09\/unnamed-2-768x374.png 768w, https:\/\/exclusiveelitetravel.com\/wp-content\/uploads\/2025\/09\/unnamed-2-1536x748.png 1536w, https:\/\/exclusiveelitetravel.com\/wp-content\/uploads\/2025\/09\/unnamed-2-18x9.png 18w, https:\/\/exclusiveelitetravel.com\/wp-content\/uploads\/2025\/09\/unnamed-2-555x270.png 555w\" sizes=\"auto, (max-width: 1602px) 100vw, 1602px\" \/><\/p>\n<p style=\"font-weight: 400;\"><em>Imagine luat\u0103 cu teleobiectiv.<\/em><\/p>\n<h2 style=\"font-weight: 400;\"><span style=\"color: #d1a86b;\"><strong>Repere ale c\u0103l\u0103toriei<\/strong><\/span><\/h2>\n<table style=\"border-collapse: collapse; width: 100%; height: 92px;\">\n<tbody>\n<tr style=\"height: 50px;\">\n<td style=\"width: 50%; height: 50px;\"><img loading=\"lazy\" decoding=\"async\" class=\"aligncenter wp-image-14127 size-full\" src=\"https:\/\/exclusiveelitetravel.com\/wp-content\/uploads\/2025\/09\/unnamed-4.png\" alt=\"\" width=\"783\" height=\"510\" srcset=\"https:\/\/exclusiveelitetravel.com\/wp-content\/uploads\/2025\/09\/unnamed-4.png 783w, https:\/\/exclusiveelitetravel.com\/wp-content\/uploads\/2025\/09\/unnamed-4-500x326.png 500w, https:\/\/exclusiveelitetravel.com\/wp-content\/uploads\/2025\/09\/unnamed-4-768x500.png 768w, https:\/\/exclusiveelitetravel.com\/wp-content\/uploads\/2025\/09\/unnamed-4-18x12.png 18w, https:\/\/exclusiveelitetravel.com\/wp-content\/uploads\/2025\/09\/unnamed-4-555x361.png 555w\" sizes=\"auto, (max-width: 783px) 100vw, 783px\" \/><\/p>\n<p style=\"font-weight: 400;\">Vizita\u021bi cea mai mare a\u0219ezare din Svalbard, Longyearbyen.<\/p>\n<\/td>\n<td style=\"width: 50%; height: 50px;\"><img loading=\"lazy\" decoding=\"async\" class=\"aligncenter wp-image-14128 size-full\" src=\"https:\/\/exclusiveelitetravel.com\/wp-content\/uploads\/2025\/09\/unnamed-5.png\" alt=\"\" width=\"783\" height=\"510\" srcset=\"https:\/\/exclusiveelitetravel.com\/wp-content\/uploads\/2025\/09\/unnamed-5.png 783w, https:\/\/exclusiveelitetravel.com\/wp-content\/uploads\/2025\/09\/unnamed-5-500x326.png 500w, https:\/\/exclusiveelitetravel.com\/wp-content\/uploads\/2025\/09\/unnamed-5-768x500.png 768w, https:\/\/exclusiveelitetravel.com\/wp-content\/uploads\/2025\/09\/unnamed-5-18x12.png 18w, https:\/\/exclusiveelitetravel.com\/wp-content\/uploads\/2025\/09\/unnamed-5-555x361.png 555w\" sizes=\"auto, (max-width: 783px) 100vw, 783px\" \/><\/p>\n<p style=\"font-weight: 400;\">Minuna\u021bi-v\u0103 de experien\u021ba suprarealist\u0103 a luminii continue a zilei.<\/p>\n<\/td>\n<\/tr>\n<tr style=\"height: 21px;\">\n<td style=\"width: 50%; height: 21px;\"><img loading=\"lazy\" decoding=\"async\" class=\"aligncenter wp-image-14129 size-full\" src=\"https:\/\/exclusiveelitetravel.com\/wp-content\/uploads\/2025\/09\/unnamed-6.png\" alt=\"\" width=\"783\" height=\"510\" srcset=\"https:\/\/exclusiveelitetravel.com\/wp-content\/uploads\/2025\/09\/unnamed-6.png 783w, https:\/\/exclusiveelitetravel.com\/wp-content\/uploads\/2025\/09\/unnamed-6-500x326.png 500w, https:\/\/exclusiveelitetravel.com\/wp-content\/uploads\/2025\/09\/unnamed-6-768x500.png 768w, https:\/\/exclusiveelitetravel.com\/wp-content\/uploads\/2025\/09\/unnamed-6-18x12.png 18w, https:\/\/exclusiveelitetravel.com\/wp-content\/uploads\/2025\/09\/unnamed-6-555x361.png 555w\" sizes=\"auto, (max-width: 783px) 100vw, 783px\" \/><\/p>\n<p>Afla\u021bi mai multe despre istoria \u0219i geologia acestui \u021binut s\u0103lbatic \u00eendep\u0103rtat \u00een cadrul unor drume\u021bii ghidate.<\/td>\n<td style=\"width: 50%; height: 21px;\"><img loading=\"lazy\" decoding=\"async\" class=\"aligncenter wp-image-14130 size-full\" src=\"https:\/\/exclusiveelitetravel.com\/wp-content\/uploads\/2025\/09\/unnamed-7.png\" alt=\"\" width=\"783\" height=\"510\" srcset=\"https:\/\/exclusiveelitetravel.com\/wp-content\/uploads\/2025\/09\/unnamed-7.png 783w, https:\/\/exclusiveelitetravel.com\/wp-content\/uploads\/2025\/09\/unnamed-7-500x326.png 500w, https:\/\/exclusiveelitetravel.com\/wp-content\/uploads\/2025\/09\/unnamed-7-768x500.png 768w, https:\/\/exclusiveelitetravel.com\/wp-content\/uploads\/2025\/09\/unnamed-7-18x12.png 18w, https:\/\/exclusiveelitetravel.com\/wp-content\/uploads\/2025\/09\/unnamed-7-555x361.png 555w\" sizes=\"auto, (max-width: 783px) 100vw, 783px\" \/><\/p>\n<p>Observa\u021bi morse, reni \u0219i cel mai iconic dintre locuitorii Arcticii, ursul polar, \u00een habitatul lor natural.<\/td>\n<\/tr>\n<tr style=\"height: 21px;\">\n<td style=\"width: 50%; height: 21px;\"><img loading=\"lazy\" decoding=\"async\" class=\"aligncenter wp-image-14131 size-full\" src=\"https:\/\/exclusiveelitetravel.com\/wp-content\/uploads\/2025\/09\/unnamed-8.png\" alt=\"\" width=\"783\" height=\"510\" srcset=\"https:\/\/exclusiveelitetravel.com\/wp-content\/uploads\/2025\/09\/unnamed-8.png 783w, https:\/\/exclusiveelitetravel.com\/wp-content\/uploads\/2025\/09\/unnamed-8-500x326.png 500w, https:\/\/exclusiveelitetravel.com\/wp-content\/uploads\/2025\/09\/unnamed-8-768x500.png 768w, https:\/\/exclusiveelitetravel.com\/wp-content\/uploads\/2025\/09\/unnamed-8-18x12.png 18w, https:\/\/exclusiveelitetravel.com\/wp-content\/uploads\/2025\/09\/unnamed-8-555x361.png 555w\" sizes=\"auto, (max-width: 783px) 100vw, 783px\" \/><\/p>\n<p>Plimba\u021bi-v\u0103 prin tundra vast\u0103 \u0219i colorat\u0103 cu un ghid expert pentru a afla mai multe despre plante, via\u021ba s\u0103lbatic\u0103 \u0219i istoria fascinant\u0103 a Svalbard.<\/td>\n<td style=\"width: 50%; height: 21px;\"><img loading=\"lazy\" decoding=\"async\" class=\"aligncenter wp-image-14132 size-full\" src=\"https:\/\/exclusiveelitetravel.com\/wp-content\/uploads\/2025\/09\/unnamed-9.png\" alt=\"\" width=\"783\" height=\"510\" srcset=\"https:\/\/exclusiveelitetravel.com\/wp-content\/uploads\/2025\/09\/unnamed-9.png 783w, https:\/\/exclusiveelitetravel.com\/wp-content\/uploads\/2025\/09\/unnamed-9-500x326.png 500w, https:\/\/exclusiveelitetravel.com\/wp-content\/uploads\/2025\/09\/unnamed-9-768x500.png 768w, https:\/\/exclusiveelitetravel.com\/wp-content\/uploads\/2025\/09\/unnamed-9-18x12.png 18w, https:\/\/exclusiveelitetravel.com\/wp-content\/uploads\/2025\/09\/unnamed-9-555x361.png 555w\" sizes=\"auto, (max-width: 783px) 100vw, 783px\" \/><\/p>\n<p>Explora\u021bi cu Zodiac, caiac \u0219i paddleboard.<\/td>\n<\/tr>\n<\/tbody>\n<\/table>\n<p>&nbsp;<\/p>\n<p style=\"font-weight: 400;\">Descoperi\u021bi de ce at\u00e2t de mul\u021bi fo\u0219ti pasageri se \u00eentorc acas\u0103 spun\u00e2nd c\u0103 aceasta a fost c\u0103l\u0103toria vie\u021bii lor.<\/p>\n<h2 style=\"font-weight: 400;\"><span style=\"color: #d1a86b;\"><strong>Plec\u0103ri viitoare<\/strong><\/span><\/h2>\n<p style=\"font-weight: 400;\"><img loading=\"lazy\" decoding=\"async\" class=\"aligncenter wp-image-14133 size-full\" src=\"https:\/\/exclusiveelitetravel.com\/wp-content\/uploads\/2025\/09\/unnamed-10.png\" alt=\"\" width=\"1602\" height=\"780\" srcset=\"https:\/\/exclusiveelitetravel.com\/wp-content\/uploads\/2025\/09\/unnamed-10.png 1602w, https:\/\/exclusiveelitetravel.com\/wp-content\/uploads\/2025\/09\/unnamed-10-500x243.png 500w, https:\/\/exclusiveelitetravel.com\/wp-content\/uploads\/2025\/09\/unnamed-10-1024x499.png 1024w, https:\/\/exclusiveelitetravel.com\/wp-content\/uploads\/2025\/09\/unnamed-10-768x374.png 768w, https:\/\/exclusiveelitetravel.com\/wp-content\/uploads\/2025\/09\/unnamed-10-1536x748.png 1536w, https:\/\/exclusiveelitetravel.com\/wp-content\/uploads\/2025\/09\/unnamed-10-18x9.png 18w, https:\/\/exclusiveelitetravel.com\/wp-content\/uploads\/2025\/09\/unnamed-10-555x270.png 555w\" sizes=\"auto, (max-width: 1602px) 100vw, 1602px\" \/><\/p>\n<p style=\"font-weight: 400;\"><strong>Svalbard Explorer: Cele mai bune locuri din zona arctic\u0103 \u00eenalt\u0103 a Norvegiei<\/strong><\/p>\n<p style=\"font-weight: 400;\">Datorit\u0103 cererii populare, exist\u0103 mai multe plec\u0103ri ale acestei c\u0103l\u0103torii pe Ocean Explorer, inclusiv:<\/p>\n<ul style=\"font-weight: 400;\">\n<li>14 - 24 mai 2026<\/li>\n<li>23 iunie - 3 iulie 2026<\/li>\n<\/ul>\n<p><img loading=\"lazy\" decoding=\"async\" class=\"aligncenter wp-image-14134 size-full\" src=\"https:\/\/exclusiveelitetravel.com\/wp-content\/uploads\/2025\/09\/unnamed-11.png\" alt=\"\" width=\"1800\" height=\"825\" srcset=\"https:\/\/exclusiveelitetravel.com\/wp-content\/uploads\/2025\/09\/unnamed-11.png 1800w, https:\/\/exclusiveelitetravel.com\/wp-content\/uploads\/2025\/09\/unnamed-11-500x229.png 500w, https:\/\/exclusiveelitetravel.com\/wp-content\/uploads\/2025\/09\/unnamed-11-1024x469.png 1024w, https:\/\/exclusiveelitetravel.com\/wp-content\/uploads\/2025\/09\/unnamed-11-768x352.png 768w, https:\/\/exclusiveelitetravel.com\/wp-content\/uploads\/2025\/09\/unnamed-11-1536x704.png 1536w, https:\/\/exclusiveelitetravel.com\/wp-content\/uploads\/2025\/09\/unnamed-11-18x8.png 18w, https:\/\/exclusiveelitetravel.com\/wp-content\/uploads\/2025\/09\/unnamed-11-555x254.png 555w\" sizes=\"auto, (max-width: 1800px) 100vw, 1800px\" \/><\/p>\n<h5 class=\"btn-custom\" style=\"text-align: center;\" align=\"justify\"><span style=\"color: #ffffff; font-family: helvetica, arial, sans-serif;\"><a style=\"color: #ffffff;\" href=\"https:\/\/exclusiveelitetravel.com\/ro\/vacanta-personalizata-2\/\" target=\"_blank\" rel=\"noopener noreferrer\"><span lang=\"en-US\"><b>Contacta\u021bi-ne pentru a v\u0103 personaliza c\u0103l\u0103toria \u00een Arctica!<\/b><\/span><\/a><\/span><\/h5>","protected":false},"excerpt":{"rendered":"<p>O c\u0103l\u0103torie \u00een Arctica O c\u0103l\u0103torie \u00een Arctica este plin\u0103 de multe momente memorabile. Vei privi aisberguri impun\u0103toare, vei pune piciorul pe un ghe\u021bar masiv \u0219i, dac\u0103 e\u0219ti norocos, vei vedea un urs polar. Despre asta este vorba \u00een aceast\u0103 expedi\u021bie. Imagine realizat\u0103 cu teleobiectiv. Obiectivele c\u0103l\u0103toriei Vizita\u021bi [...]","protected":false},"featured_media":14125,"comment_status":"closed","ping_status":"closed","template":"","meta":{"_expiration-date-status":"","_expiration-date":0,"_expiration-date-type":"","_expiration-date-categories":[],"_expiration-date-options":[]},"product_brand":[],"product_cat":[374],"product_tag":[],"class_list":{"0":"post-14124","1":"product","2":"type-product","3":"status-publish","4":"has-post-thumbnail","6":"product_cat-polar-cruises","8":"first","9":"instock","10":"shipping-taxable","11":"product-type-simple"},"_links":{"self":[{"href":"https:\/\/exclusiveelitetravel.com\/ro\/wp-json\/wp\/v2\/product\/14124","targetHints":{"allow":["GET"]}}],"collection":[{"href":"https:\/\/exclusiveelitetravel.com\/ro\/wp-json\/wp\/v2\/product"}],"about":[{"href":"https:\/\/exclusiveelitetravel.com\/ro\/wp-json\/wp\/v2\/types\/product"}],"replies":[{"embeddable":true,"href":"https:\/\/exclusiveelitetravel.com\/ro\/wp-json\/wp\/v2\/comments?post=14124"}],"wp:featuredmedia":[{"embeddable":true,"href":"https:\/\/exclusiveelitetravel.com\/ro\/wp-json\/wp\/v2\/media\/14125"}],"wp:attachment":[{"href":"https:\/\/exclusiveelitetravel.com\/ro\/wp-json\/wp\/v2\/media?parent=14124"}],"wp:term":[{"taxonomy":"product_brand","embeddable":true,"href":"https:\/\/exclusiveelitetravel.com\/ro\/wp-json\/wp\/v2\/product_brand?post=14124"},{"taxonomy":"product_cat","embeddable":true,"href":"https:\/\/exclusiveelitetravel.com\/ro\/wp-json\/wp\/v2\/product_cat?post=14124"},{"taxonomy":"product_tag","embeddable":true,"href":"https:\/\/exclusiveelitetravel.com\/ro\/wp-json\/wp\/v2\/product_tag?post=14124"}],"curies":[{"name":"wp","href":"https:\/\/api.w.org\/{rel}","templated":true}]}}