{"id":14102,"date":"2025-09-10T21:31:26","date_gmt":"2025-09-10T21:31:26","guid":{"rendered":"https:\/\/exclusiveelitetravel.com\/?post_type=product&#038;p=14102"},"modified":"2025-09-11T09:03:08","modified_gmt":"2025-09-11T09:03:08","slug":"tenerifes-numai-complet-deservite-vila-de-lux-asteapta","status":"publish","type":"product","link":"https:\/\/exclusiveelitetravel.com\/ro\/experiente-2\/tenerifes-numai-complet-deservite-vila-de-lux-asteapta\/","title":{"rendered":"Singura vil\u0103 de lux cu servicii complete din Tenerife v\u0103 a\u0219teapt\u0103"},"content":{"rendered":"<h2 style=\"font-weight: 400;\"><span style=\"color: #d1a86b;\"><strong>Singura vil\u0103 de lux cu servicii complete din Tenerife v\u0103 a\u0219teapt\u0103<\/strong><\/span><\/h2>\n<p>&nbsp;<\/p>\n<p style=\"font-weight: 400;\">Intra\u021bi \u00eentr-o lume dincolo de retragerile de cinci stele. <strong>Casa Amore<\/strong>, situat\u0103 \u00een prestigioasa zon\u0103 Adeje, este singura vil\u0103 privat\u0103 cu servicii complete din Insulele Canare - premiat\u0103 \"Cea mai luxoas\u0103 vil\u0103 din Tenerife de \u00eenchiriat\" trei ani la r\u00e2nd.<\/p>\n<p style=\"font-weight: 400;\">Cu opt dormitoare suite somptuoase (inclusiv un apartament principal grandios), acest sanctuar poate g\u0103zdui p\u00e2n\u0103 la 14 oaspe\u021bi cu vederi uluitoare ale Atlanticului de Nord \u0219i ale Muntelui Teide.<\/p>\n<table style=\"border-collapse: collapse; width: 100%;\">\n<tbody>\n<tr>\n<td style=\"width: 50%;\"><img loading=\"lazy\" decoding=\"async\" class=\"aligncenter wp-image-14105 size-full\" src=\"https:\/\/exclusiveelitetravel.com\/wp-content\/uploads\/2025\/09\/unnamed-17.jpg\" alt=\"\" width=\"1600\" height=\"1067\" srcset=\"https:\/\/exclusiveelitetravel.com\/wp-content\/uploads\/2025\/09\/unnamed-17.jpg 1600w, https:\/\/exclusiveelitetravel.com\/wp-content\/uploads\/2025\/09\/unnamed-17-500x333.jpg 500w, https:\/\/exclusiveelitetravel.com\/wp-content\/uploads\/2025\/09\/unnamed-17-1024x683.jpg 1024w, https:\/\/exclusiveelitetravel.com\/wp-content\/uploads\/2025\/09\/unnamed-17-768x512.jpg 768w, https:\/\/exclusiveelitetravel.com\/wp-content\/uploads\/2025\/09\/unnamed-17-1536x1024.jpg 1536w, https:\/\/exclusiveelitetravel.com\/wp-content\/uploads\/2025\/09\/unnamed-17-18x12.jpg 18w, https:\/\/exclusiveelitetravel.com\/wp-content\/uploads\/2025\/09\/unnamed-17-555x370.jpg 555w\" sizes=\"auto, (max-width: 1600px) 100vw, 1600px\" \/><\/td>\n<td style=\"width: 50%;\"><img loading=\"lazy\" decoding=\"async\" class=\"aligncenter wp-image-14106 size-full\" src=\"https:\/\/exclusiveelitetravel.com\/wp-content\/uploads\/2025\/09\/unnamed-18.jpg\" alt=\"\" width=\"1600\" height=\"1066\" srcset=\"https:\/\/exclusiveelitetravel.com\/wp-content\/uploads\/2025\/09\/unnamed-18.jpg 1600w, https:\/\/exclusiveelitetravel.com\/wp-content\/uploads\/2025\/09\/unnamed-18-500x333.jpg 500w, https:\/\/exclusiveelitetravel.com\/wp-content\/uploads\/2025\/09\/unnamed-18-1024x682.jpg 1024w, https:\/\/exclusiveelitetravel.com\/wp-content\/uploads\/2025\/09\/unnamed-18-768x512.jpg 768w, https:\/\/exclusiveelitetravel.com\/wp-content\/uploads\/2025\/09\/unnamed-18-1536x1023.jpg 1536w, https:\/\/exclusiveelitetravel.com\/wp-content\/uploads\/2025\/09\/unnamed-18-18x12.jpg 18w, https:\/\/exclusiveelitetravel.com\/wp-content\/uploads\/2025\/09\/unnamed-18-555x370.jpg 555w\" sizes=\"auto, (max-width: 1600px) 100vw, 1600px\" \/><\/td>\n<\/tr>\n<\/tbody>\n<\/table>\n<h2 style=\"font-weight: 400;\"><span style=\"color: #d1a86b;\"><strong>Includeri \u0219i servicii de lux<\/strong><\/span><\/h2>\n<ul style=\"font-weight: 400;\">\n<li>O echip\u0103 dedicat\u0103 - concierge (7 persoane), buc\u0103tari priva\u021bi (instrui\u021bi de Michelin) \u0219i menajere - asigur\u0103 servicii ne\u00eentrerupte, 24 de ore din 24.<\/li>\n<li>Vila ofer\u0103 pensiune complet\u0103 (mic dejun, pr\u00e2nz, cin\u0103 cu 3 feluri de m\u00e2ncare \u00e0 la carte), b\u0103uturi \u0219i gust\u0103ri premium nelimitate \u0219i bere San Miguel la draft.<\/li>\n<li>Mercedes V-Class Vito (cu \u0219ofer, combustibil \u0219i transfer la aeroport) \u0219i BMW X3i pentru grupuri mai mari.<\/li>\n<\/ul>\n<h2 style=\"font-weight: 400;\"><span style=\"color: #d1a86b;\"><strong>Facilit\u0103\u021bi de clas\u0103 mondial\u0103<\/strong><\/span><\/h2>\n<ul style=\"font-weight: 400;\">\n<li>Piscin\u0103 \u00eenc\u0103lzit\u0103, jacuzzi, saun\u0103 \u0219i baie de ghea\u021b\u0103 cu vedere la ocean.<\/li>\n<li>Sal\u0103 de gimnastic\u0103 ultramodern\u0103, spa\u021bii de wellness \u0219i masaj.<\/li>\n<li>Camera de jocuri suprem\u0103: Xbox Series X, PS5, mas\u0103 de biliard, air hockey, fotbal de mas\u0103, arcade racer etc.<\/li>\n<li>Bar la apus de soare, pizzerie, foi\u0219or \u0219i \"Le Cav\"-clubul de noapte privat al Casei.<\/li>\n<li>Zon\u0103 de joac\u0103 pentru copii, trambulin\u0103, mas\u0103 de Teqball, plus concierge 24\/7, inclusiv servicii pentru copii.<\/li>\n<li>Birou la domiciliu \u0219i configurare prietenoas\u0103 pentru afaceri, Wi-Fi rapid inclus.<\/li>\n<\/ul>\n<table style=\"border-collapse: collapse; width: 100%;\">\n<tbody>\n<tr>\n<td style=\"width: 50%;\"><img loading=\"lazy\" decoding=\"async\" class=\"aligncenter wp-image-14107 size-full\" src=\"https:\/\/exclusiveelitetravel.com\/wp-content\/uploads\/2025\/09\/unnamed-19.jpg\" alt=\"\" width=\"1600\" height=\"1066\" srcset=\"https:\/\/exclusiveelitetravel.com\/wp-content\/uploads\/2025\/09\/unnamed-19.jpg 1600w, https:\/\/exclusiveelitetravel.com\/wp-content\/uploads\/2025\/09\/unnamed-19-500x333.jpg 500w, https:\/\/exclusiveelitetravel.com\/wp-content\/uploads\/2025\/09\/unnamed-19-1024x682.jpg 1024w, https:\/\/exclusiveelitetravel.com\/wp-content\/uploads\/2025\/09\/unnamed-19-768x512.jpg 768w, https:\/\/exclusiveelitetravel.com\/wp-content\/uploads\/2025\/09\/unnamed-19-1536x1023.jpg 1536w, https:\/\/exclusiveelitetravel.com\/wp-content\/uploads\/2025\/09\/unnamed-19-18x12.jpg 18w, https:\/\/exclusiveelitetravel.com\/wp-content\/uploads\/2025\/09\/unnamed-19-555x370.jpg 555w\" sizes=\"auto, (max-width: 1600px) 100vw, 1600px\" \/><\/td>\n<td style=\"width: 50%;\"><img loading=\"lazy\" decoding=\"async\" class=\"aligncenter wp-image-14108 size-full\" src=\"https:\/\/exclusiveelitetravel.com\/wp-content\/uploads\/2025\/09\/unnamed-20.jpg\" alt=\"\" width=\"1600\" height=\"1067\" srcset=\"https:\/\/exclusiveelitetravel.com\/wp-content\/uploads\/2025\/09\/unnamed-20.jpg 1600w, https:\/\/exclusiveelitetravel.com\/wp-content\/uploads\/2025\/09\/unnamed-20-500x333.jpg 500w, https:\/\/exclusiveelitetravel.com\/wp-content\/uploads\/2025\/09\/unnamed-20-1024x683.jpg 1024w, https:\/\/exclusiveelitetravel.com\/wp-content\/uploads\/2025\/09\/unnamed-20-768x512.jpg 768w, https:\/\/exclusiveelitetravel.com\/wp-content\/uploads\/2025\/09\/unnamed-20-1536x1024.jpg 1536w, https:\/\/exclusiveelitetravel.com\/wp-content\/uploads\/2025\/09\/unnamed-20-18x12.jpg 18w, https:\/\/exclusiveelitetravel.com\/wp-content\/uploads\/2025\/09\/unnamed-20-555x370.jpg 555w\" sizes=\"auto, (max-width: 1600px) 100vw, 1600px\" \/><\/td>\n<\/tr>\n<\/tbody>\n<\/table>\n<p style=\"font-weight: 400;\">Datorit\u0103 soarelui din Tenerife pe tot parcursul anului, Casa Amore este preferat\u0103 de cei care caut\u0103 vreme cald\u0103 \u00een afara sezonului tradi\u021bional de vacan\u021b\u0103 european. Cu toate acestea, datorit\u0103 popularit\u0103\u021bii sale \u0219i a oaspe\u021bilor fideli care se \u00eentorc, datele pentru 2026 sunt deja ocupate rapid. Acesta este momentul dvs. de a v\u0103 asigura o escapad\u0103 privat\u0103 de lux de neegalat pentru anul viitor.<\/p>\n<h5 class=\"btn-custom\" style=\"text-align: center;\" align=\"justify\"><span style=\"color: #ffffff; font-family: helvetica, arial, sans-serif;\"><a style=\"color: #ffffff;\" href=\"https:\/\/exclusiveelitetravel.com\/ro\/vacanta-personalizata-2\/\" target=\"_blank\" rel=\"noopener noreferrer\"><span lang=\"en-US\"><b>Contacta\u021bi-ne pentru a v\u0103 personaliza escapada Casa Amore!<\/b><\/span><\/a><\/span><\/h5>","protected":false},"excerpt":{"rendered":"<p>Tenerife\u2019s Only Fully Serviced Luxury Villa Awaits &nbsp; Step into a world beyond five-star retreats. Casa Amore, perched in the prestigious area of Adeje, is the only fully serviced private villa in the Canary Islands &#8211; awarded \u201cMost Luxury Villa in Tenerife to Rent\u201d three years running. With eight sumptuous ensuite bedrooms (including a grand [&#8230;]","protected":false},"featured_media":14104,"comment_status":"closed","ping_status":"closed","template":"","meta":{"_expiration-date-status":"","_expiration-date":0,"_expiration-date-type":"","_expiration-date-categories":[],"_expiration-date-options":[]},"product_brand":[],"product_cat":[337,311],"product_tag":[],"class_list":{"0":"post-14102","1":"product","2":"type-product","3":"status-publish","4":"has-post-thumbnail","6":"product_cat-chalet-villas","7":"product_cat-vacations","9":"first","10":"instock","11":"shipping-taxable","12":"product-type-simple"},"_links":{"self":[{"href":"https:\/\/exclusiveelitetravel.com\/ro\/wp-json\/wp\/v2\/product\/14102","targetHints":{"allow":["GET"]}}],"collection":[{"href":"https:\/\/exclusiveelitetravel.com\/ro\/wp-json\/wp\/v2\/product"}],"about":[{"href":"https:\/\/exclusiveelitetravel.com\/ro\/wp-json\/wp\/v2\/types\/product"}],"replies":[{"embeddable":true,"href":"https:\/\/exclusiveelitetravel.com\/ro\/wp-json\/wp\/v2\/comments?post=14102"}],"wp:featuredmedia":[{"embeddable":true,"href":"https:\/\/exclusiveelitetravel.com\/ro\/wp-json\/wp\/v2\/media\/14104"}],"wp:attachment":[{"href":"https:\/\/exclusiveelitetravel.com\/ro\/wp-json\/wp\/v2\/media?parent=14102"}],"wp:term":[{"taxonomy":"product_brand","embeddable":true,"href":"https:\/\/exclusiveelitetravel.com\/ro\/wp-json\/wp\/v2\/product_brand?post=14102"},{"taxonomy":"product_cat","embeddable":true,"href":"https:\/\/exclusiveelitetravel.com\/ro\/wp-json\/wp\/v2\/product_cat?post=14102"},{"taxonomy":"product_tag","embeddable":true,"href":"https:\/\/exclusiveelitetravel.com\/ro\/wp-json\/wp\/v2\/product_tag?post=14102"}],"curies":[{"name":"wp","href":"https:\/\/api.w.org\/{rel}","templated":true}]}}