{"id":14064,"date":"2025-09-02T09:33:01","date_gmt":"2025-09-02T09:33:01","guid":{"rendered":"https:\/\/exclusiveelitetravel.com\/?post_type=product&#038;p=14064"},"modified":"2025-09-02T09:33:01","modified_gmt":"2025-09-02T09:33:01","slug":"experienta-top-gun","status":"publish","type":"product","link":"https:\/\/exclusiveelitetravel.com\/ro\/experiente-2\/experienta-top-gun\/","title":{"rendered":"Experien\u021ba TOP GUN"},"content":{"rendered":"<h2 style=\"font-weight: 400;\"><span style=\"color: #d1a86b;\"><strong>Transforma\u021bi-v\u0103 visul \u00een realitate \u0219i pilota\u021bi un avion de lupt\u0103 real + experien\u021b\u0103 de conducere Lamborghini<\/strong><\/span><\/h2>\n<p style=\"font-weight: 400;\">Nu trebuie s\u0103 fii pilot! F\u0103-\u021bi visul realitate \u0219i c\u0103l\u0103tore\u0219te \u00eentr-un avion de lupt\u0103, indiferent de profesia ta. V\u0103 pute\u021bi bucura de zboruri reale cu avioane de lupt\u0103 \u00eempreun\u0103 cu un pilot experimentat care va controla avionul \u00een timp ce se afl\u0103 \u00een aer.<\/p>\n<p style=\"font-weight: 400;\">Pute\u021bi pilota un avion de v\u00e2n\u0103toare cu reac\u021bie, cum ar fi interceptorul supersonic MiG-29 Fulcrum, Aero L-39 Albatros sau avionul de v\u00e2n\u0103toare-bombardament Hawker Hunter. Oferim plimb\u0103ri cu avioane de v\u00e2n\u0103toare de pe diverse aerodromuri din \u00eentreaga lume.<\/p>\n<p><img loading=\"lazy\" decoding=\"async\" class=\"aligncenter size-full wp-image-14065\" src=\"https:\/\/exclusiveelitetravel.com\/wp-content\/uploads\/2025\/09\/top-gun-pilot-dreamstime_m_157098970.jpg\" alt=\"\" width=\"2309\" height=\"1299\" srcset=\"https:\/\/exclusiveelitetravel.com\/wp-content\/uploads\/2025\/09\/top-gun-pilot-dreamstime_m_157098970.jpg 2309w, https:\/\/exclusiveelitetravel.com\/wp-content\/uploads\/2025\/09\/top-gun-pilot-dreamstime_m_157098970-500x281.jpg 500w, https:\/\/exclusiveelitetravel.com\/wp-content\/uploads\/2025\/09\/top-gun-pilot-dreamstime_m_157098970-1024x576.jpg 1024w, https:\/\/exclusiveelitetravel.com\/wp-content\/uploads\/2025\/09\/top-gun-pilot-dreamstime_m_157098970-768x432.jpg 768w, https:\/\/exclusiveelitetravel.com\/wp-content\/uploads\/2025\/09\/top-gun-pilot-dreamstime_m_157098970-1536x864.jpg 1536w, https:\/\/exclusiveelitetravel.com\/wp-content\/uploads\/2025\/09\/top-gun-pilot-dreamstime_m_157098970-2048x1152.jpg 2048w, https:\/\/exclusiveelitetravel.com\/wp-content\/uploads\/2025\/09\/top-gun-pilot-dreamstime_m_157098970-18x10.jpg 18w, https:\/\/exclusiveelitetravel.com\/wp-content\/uploads\/2025\/09\/top-gun-pilot-dreamstime_m_157098970-555x312.jpg 555w\" sizes=\"auto, (max-width: 2309px) 100vw, 2309px\" \/><\/p>\n<h2 style=\"font-weight: 400;\"><span style=\"color: #d1a86b;\"><strong>EXPERIEN\u021a\u0102 TOP GUN<\/strong><\/span><\/h2>\n<table style=\"width: 100%; border-collapse: collapse; text-align: left;\">\n<tbody>\n<tr>\n<td style=\"vertical-align: top; padding: 15px; border: 1px solid #ddd; width: 25%;\">\n<h3 style=\"color: #d1a86b; font-weight: 600; margin-top: 0;\">L-39 \u00een California<\/h3>\n<p style=\"font-weight: 400; margin: 0;\">Zboruri L-39 deasupra de\u0219ertului californian.<br \/>\nAcroba\u021bii aeriene uluitoare \u0219i curse \u00een canion.<\/p>\n<\/td>\n<td style=\"vertical-align: top; padding: 15px; border: 1px solid #ddd; width: 25%;\">\n<h3 style=\"color: #d1a86b; font-weight: 600; margin-top: 0;\">L-39 \u00een Florida<\/h3>\n<p style=\"font-weight: 400; margin: 0;\">Bucura\u021bi-v\u0103 de un zbor \u00eentr-un avion de lupt\u0103 real din Tampa.<br \/>\nCel mai rapid mod de a descoperi Sunshine State!<\/p>\n<\/td>\n<td style=\"vertical-align: top; padding: 15px; border: 1px solid #ddd; width: 25%;\">\n<h3 style=\"color: #d1a86b; font-weight: 600; margin-top: 0;\">T-33 \"T-Bird\" \u00een Canada<\/h3>\n<p style=\"font-weight: 400; margin: 0;\">Top Gun Fighter Jet Ride Experience.<br \/>\nPleca\u021bi cu un avion cu reac\u021bie din Waterloo, l\u00e2ng\u0103 Toronto.<\/p>\n<\/td>\n<td style=\"vertical-align: top; padding: 15px; border: 1px solid #ddd; width: 25%;\">\n<h3 style=\"color: #d1a86b; font-weight: 600; margin-top: 0;\">MiG-29 marginea spa\u021biului<\/h3>\n<p style=\"font-weight: 400; margin: 0;\">Acroba\u021bii nebune\u0219ti \u0219i zbor spre Stratosfer\u0103.<br \/>\nSingura experien\u021b\u0103 de zbor cu jet supersonic din lume!<\/p>\n<\/td>\n<\/tr>\n<\/tbody>\n<\/table>\n<h5 class=\"btn-custom\" style=\"text-align: center;\" align=\"justify\"><span style=\"color: #ffffff; font-family: helvetica, arial, sans-serif;\"><a style=\"color: #ffffff;\" href=\"https:\/\/exclusiveelitetravel.com\/ro\/vacanta-personalizata-2\/\" target=\"_blank\" rel=\"noopener noreferrer\"><span lang=\"en-US\"><b>Contacta\u021bi-ne pentru a v\u0103 rezerva experien\u021ba Fighter Jet!<\/b><\/span><\/a><\/span><\/h5>","protected":false},"excerpt":{"rendered":"<p>Make your Dream come True and Fly a Real Fighter Jet + Lamborghini Driving Experience You don\u2019t have to be a pilot! Make your dream come true and ride in a fighter jet no matter your profession. You can enjoy real Jet Fighter Flights together with an experienced pilot who will control the jet while [&#8230;]","protected":false},"featured_media":14066,"comment_status":"closed","ping_status":"closed","template":"","meta":{"_expiration-date-status":"","_expiration-date":0,"_expiration-date-type":"","_expiration-date-categories":[],"_expiration-date-options":[]},"product_brand":[],"product_cat":[317,311],"product_tag":[],"class_list":{"0":"post-14064","1":"product","2":"type-product","3":"status-publish","4":"has-post-thumbnail","6":"product_cat-active-adventure","7":"product_cat-vacations","9":"first","10":"instock","11":"shipping-taxable","12":"product-type-simple"},"_links":{"self":[{"href":"https:\/\/exclusiveelitetravel.com\/ro\/wp-json\/wp\/v2\/product\/14064","targetHints":{"allow":["GET"]}}],"collection":[{"href":"https:\/\/exclusiveelitetravel.com\/ro\/wp-json\/wp\/v2\/product"}],"about":[{"href":"https:\/\/exclusiveelitetravel.com\/ro\/wp-json\/wp\/v2\/types\/product"}],"replies":[{"embeddable":true,"href":"https:\/\/exclusiveelitetravel.com\/ro\/wp-json\/wp\/v2\/comments?post=14064"}],"wp:featuredmedia":[{"embeddable":true,"href":"https:\/\/exclusiveelitetravel.com\/ro\/wp-json\/wp\/v2\/media\/14066"}],"wp:attachment":[{"href":"https:\/\/exclusiveelitetravel.com\/ro\/wp-json\/wp\/v2\/media?parent=14064"}],"wp:term":[{"taxonomy":"product_brand","embeddable":true,"href":"https:\/\/exclusiveelitetravel.com\/ro\/wp-json\/wp\/v2\/product_brand?post=14064"},{"taxonomy":"product_cat","embeddable":true,"href":"https:\/\/exclusiveelitetravel.com\/ro\/wp-json\/wp\/v2\/product_cat?post=14064"},{"taxonomy":"product_tag","embeddable":true,"href":"https:\/\/exclusiveelitetravel.com\/ro\/wp-json\/wp\/v2\/product_tag?post=14064"}],"curies":[{"name":"wp","href":"https:\/\/api.w.org\/{rel}","templated":true}]}}