{"id":14037,"date":"2025-08-22T17:56:03","date_gmt":"2025-08-22T17:56:03","guid":{"rendered":"https:\/\/exclusiveelitetravel.com\/?post_type=product&#038;p=14037"},"modified":"2025-08-22T19:02:18","modified_gmt":"2025-08-22T19:02:18","slug":"evadare-provence-rara","status":"publish","type":"product","link":"https:\/\/exclusiveelitetravel.com\/ro\/experiente-2\/evadare-provence-rara\/","title":{"rendered":"Evadare provensal\u0103 rar\u0103"},"content":{"rendered":"<h2 style=\"font-weight: 400;\"><span style=\"color: #d1a86b;\"><strong>Evadare provensal\u0103 rar\u0103<\/strong><\/span><\/h2>\n<p style=\"font-weight: 400;\">Bastide de L'Amour se afl\u0103 \u00een inima Provence, \u00een apropiere de Avignon, Les Alpilles \u0219i dealurile Luberon, fiind un refugiu romantic \u0219i atmosferic.<\/p>\n<p style=\"font-weight: 400;\">\u00cen inima acestei propriet\u0103\u021bi excep\u021bionale se afl\u0103 un \"mas\" vechi de 500 de ani, frumos restaurat, \u00eenconjurat de peluze, livezi, f\u00e2nt\u00e2ni \u0219i izvoare de ap\u0103 dulce. Oaspe\u021bii sunt bineveni\u021bi s\u0103 culeag\u0103 fructe coapte din copaci, s\u0103 adune ou\u0103 de la g\u0103inile libere \u0219i s\u0103 se bucure de legume \u0219i ierburi de sezon din gr\u0103dina buc\u0103t\u0103riei - o experien\u021b\u0103 senzorial\u0103 captivant\u0103, care r\u0103m\u00e2ne cu ei.<\/p>\n<table style=\"border-collapse: collapse; width: 100%;\">\n<tbody>\n<tr>\n<td style=\"width: 50%;\"><img loading=\"lazy\" decoding=\"async\" class=\"aligncenter wp-image-14038 size-full\" src=\"https:\/\/exclusiveelitetravel.com\/wp-content\/uploads\/2025\/08\/unnamed-45.jpg\" alt=\"\" width=\"1000\" height=\"672\" srcset=\"https:\/\/exclusiveelitetravel.com\/wp-content\/uploads\/2025\/08\/unnamed-45.jpg 1000w, https:\/\/exclusiveelitetravel.com\/wp-content\/uploads\/2025\/08\/unnamed-45-500x336.jpg 500w, https:\/\/exclusiveelitetravel.com\/wp-content\/uploads\/2025\/08\/unnamed-45-768x516.jpg 768w, https:\/\/exclusiveelitetravel.com\/wp-content\/uploads\/2025\/08\/unnamed-45-18x12.jpg 18w, https:\/\/exclusiveelitetravel.com\/wp-content\/uploads\/2025\/08\/unnamed-45-555x373.jpg 555w\" sizes=\"auto, (max-width: 1000px) 100vw, 1000px\" \/><\/td>\n<td style=\"width: 50%; padding-left: 1em;\">Proprietatea g\u0103zduie\u0219te p\u00e2n\u0103 la 20 de oaspe\u021bi \u00een zece dormitoare rafinate, fiecare cu vedere la gr\u0103din\u0103 \u0219i baie privat\u0103. Zonele de living elegante, un birou \u0219i o ser\u0103 plin\u0103 de lumin\u0103 completeaz\u0103 interioarele, cre\u00e2nd un cadru cald \u0219i caracteristic.<\/td>\n<\/tr>\n<\/tbody>\n<\/table>\n<p><img loading=\"lazy\" decoding=\"async\" class=\"aligncenter wp-image-14039 size-full\" src=\"https:\/\/exclusiveelitetravel.com\/wp-content\/uploads\/2025\/08\/unnamed-1-2.jpg\" alt=\"\" width=\"1000\" height=\"435\" srcset=\"https:\/\/exclusiveelitetravel.com\/wp-content\/uploads\/2025\/08\/unnamed-1-2.jpg 1000w, https:\/\/exclusiveelitetravel.com\/wp-content\/uploads\/2025\/08\/unnamed-1-2-500x218.jpg 500w, https:\/\/exclusiveelitetravel.com\/wp-content\/uploads\/2025\/08\/unnamed-1-2-768x334.jpg 768w, https:\/\/exclusiveelitetravel.com\/wp-content\/uploads\/2025\/08\/unnamed-1-2-18x8.jpg 18w, https:\/\/exclusiveelitetravel.com\/wp-content\/uploads\/2025\/08\/unnamed-1-2-555x241.jpg 555w\" sizes=\"auto, (max-width: 1000px) 100vw, 1000px\" \/><\/p>\n<p style=\"font-weight: 400;\">Menajeria zilnic\u0103 \u0219i un mic dejun continental generos sunt incluse, \u00een timp ce un buc\u0103tar, majordom \u0219i \u0219ofer privat pot fi aranja\u021bi la cerere - inclusiv transferuri de la aeroporturile \u0219i sta\u021biile TGV din apropiere. Fiecare sejur poate fi adaptat f\u0103r\u0103 efort la preferin\u021bele dvs.<\/p>\n<p><img loading=\"lazy\" decoding=\"async\" class=\"aligncenter wp-image-14040 size-full\" src=\"https:\/\/exclusiveelitetravel.com\/wp-content\/uploads\/2025\/08\/unnamed-2-2.jpg\" alt=\"\" width=\"1000\" height=\"435\" srcset=\"https:\/\/exclusiveelitetravel.com\/wp-content\/uploads\/2025\/08\/unnamed-2-2.jpg 1000w, https:\/\/exclusiveelitetravel.com\/wp-content\/uploads\/2025\/08\/unnamed-2-2-500x218.jpg 500w, https:\/\/exclusiveelitetravel.com\/wp-content\/uploads\/2025\/08\/unnamed-2-2-768x334.jpg 768w, https:\/\/exclusiveelitetravel.com\/wp-content\/uploads\/2025\/08\/unnamed-2-2-18x8.jpg 18w, https:\/\/exclusiveelitetravel.com\/wp-content\/uploads\/2025\/08\/unnamed-2-2-555x241.jpg 555w\" sizes=\"auto, (max-width: 1000px) 100vw, 1000px\" \/><\/p>\n<p style=\"font-weight: 400;\">Bastide de L'Amour este genul de loc care las\u0103 o impresie de durat\u0103 - \u0219i se asigur\u0103 c\u0103 experien\u021ba dumneavoastr\u0103 este remarcabil\u0103.<\/p>\n<p><img loading=\"lazy\" decoding=\"async\" class=\"aligncenter wp-image-14041 size-full\" src=\"https:\/\/exclusiveelitetravel.com\/wp-content\/uploads\/2025\/08\/unnamed-3-1.jpg\" alt=\"\" width=\"1000\" height=\"435\" srcset=\"https:\/\/exclusiveelitetravel.com\/wp-content\/uploads\/2025\/08\/unnamed-3-1.jpg 1000w, https:\/\/exclusiveelitetravel.com\/wp-content\/uploads\/2025\/08\/unnamed-3-1-500x218.jpg 500w, https:\/\/exclusiveelitetravel.com\/wp-content\/uploads\/2025\/08\/unnamed-3-1-768x334.jpg 768w, https:\/\/exclusiveelitetravel.com\/wp-content\/uploads\/2025\/08\/unnamed-3-1-18x8.jpg 18w, https:\/\/exclusiveelitetravel.com\/wp-content\/uploads\/2025\/08\/unnamed-3-1-555x241.jpg 555w\" sizes=\"auto, (max-width: 1000px) 100vw, 1000px\" \/><\/p>\n<h5 class=\"btn-custom\" style=\"text-align: center;\" align=\"justify\"><span style=\"color: #ffffff; font-family: helvetica, arial, sans-serif;\"><a style=\"color: #ffffff;\" href=\"https:\/\/exclusiveelitetravel.com\/ro\/vacanta-personalizata-2\/\" target=\"_blank\" rel=\"noopener noreferrer\"><span lang=\"en-US\"><b>Solicita\u021bi o propunere personalizat\u0103<\/b><\/span><\/a><\/span><\/h5>","protected":false},"excerpt":{"rendered":"<p>Rare Proven\u00e7al Escape Set in the heart of Provence near Avignon, Les Alpilles, and the Luberon hills, Bastide de L\u2019Amour is a romantic and atmospheric retreat. At the heart of this exceptional estate lies a beautifully restored 500-year-old &#8220;mas&#8221;, surrounded by sweeping lawns, orchards, fountains, and freshwater springs. Guests are welcome to pick ripe fruit [&#8230;]","protected":false},"featured_media":14038,"comment_status":"closed","ping_status":"closed","template":"","meta":{"_expiration-date-status":"","_expiration-date":0,"_expiration-date-type":"","_expiration-date-categories":[],"_expiration-date-options":[]},"product_brand":[],"product_cat":[337,311],"product_tag":[],"class_list":{"0":"post-14037","1":"product","2":"type-product","3":"status-publish","4":"has-post-thumbnail","6":"product_cat-chalet-villas","7":"product_cat-vacations","9":"first","10":"instock","11":"shipping-taxable","12":"product-type-simple"},"_links":{"self":[{"href":"https:\/\/exclusiveelitetravel.com\/ro\/wp-json\/wp\/v2\/product\/14037","targetHints":{"allow":["GET"]}}],"collection":[{"href":"https:\/\/exclusiveelitetravel.com\/ro\/wp-json\/wp\/v2\/product"}],"about":[{"href":"https:\/\/exclusiveelitetravel.com\/ro\/wp-json\/wp\/v2\/types\/product"}],"replies":[{"embeddable":true,"href":"https:\/\/exclusiveelitetravel.com\/ro\/wp-json\/wp\/v2\/comments?post=14037"}],"wp:featuredmedia":[{"embeddable":true,"href":"https:\/\/exclusiveelitetravel.com\/ro\/wp-json\/wp\/v2\/media\/14038"}],"wp:attachment":[{"href":"https:\/\/exclusiveelitetravel.com\/ro\/wp-json\/wp\/v2\/media?parent=14037"}],"wp:term":[{"taxonomy":"product_brand","embeddable":true,"href":"https:\/\/exclusiveelitetravel.com\/ro\/wp-json\/wp\/v2\/product_brand?post=14037"},{"taxonomy":"product_cat","embeddable":true,"href":"https:\/\/exclusiveelitetravel.com\/ro\/wp-json\/wp\/v2\/product_cat?post=14037"},{"taxonomy":"product_tag","embeddable":true,"href":"https:\/\/exclusiveelitetravel.com\/ro\/wp-json\/wp\/v2\/product_tag?post=14037"}],"curies":[{"name":"wp","href":"https:\/\/api.w.org\/{rel}","templated":true}]}}