{"id":14019,"date":"2025-08-22T17:09:35","date_gmt":"2025-08-22T17:09:35","guid":{"rendered":"https:\/\/exclusiveelitetravel.com\/?post_type=product&#038;p=14019"},"modified":"2025-08-22T19:01:40","modified_gmt":"2025-08-22T19:01:40","slug":"villa-pasha-marbella","status":"publish","type":"product","link":"https:\/\/exclusiveelitetravel.com\/ro\/experiente-2\/villa-pasha-marbella\/","title":{"rendered":"Villa Pasha, Marbella"},"content":{"rendered":"<h2 style=\"font-weight: 400;\"><span style=\"color: #d1a86b;\"><strong>V\u0103 prezent\u0103m Villa Pasha, Marbella<\/strong><\/span><\/h2>\n<p><img loading=\"lazy\" decoding=\"async\" class=\"aligncenter size-full wp-image-14020\" src=\"https:\/\/exclusiveelitetravel.com\/wp-content\/uploads\/2025\/08\/unnamed-37.jpg\" alt=\"\" width=\"2000\" height=\"1498\" srcset=\"https:\/\/exclusiveelitetravel.com\/wp-content\/uploads\/2025\/08\/unnamed-37.jpg 2000w, https:\/\/exclusiveelitetravel.com\/wp-content\/uploads\/2025\/08\/unnamed-37-500x375.jpg 500w, https:\/\/exclusiveelitetravel.com\/wp-content\/uploads\/2025\/08\/unnamed-37-1024x767.jpg 1024w, https:\/\/exclusiveelitetravel.com\/wp-content\/uploads\/2025\/08\/unnamed-37-768x575.jpg 768w, https:\/\/exclusiveelitetravel.com\/wp-content\/uploads\/2025\/08\/unnamed-37-1536x1150.jpg 1536w, https:\/\/exclusiveelitetravel.com\/wp-content\/uploads\/2025\/08\/unnamed-37-16x12.jpg 16w, https:\/\/exclusiveelitetravel.com\/wp-content\/uploads\/2025\/08\/unnamed-37-555x416.jpg 555w\" sizes=\"auto, (max-width: 2000px) 100vw, 2000px\" \/><\/p>\n<p style=\"font-weight: 400;\">Explora\u021bi cea mai nou\u0103 bijuterie din colec\u021bia noastr\u0103 de vile - <strong>Vila Pasha<\/strong>, coco\u021bat pe un deal pitoresc deasupra ora\u0219ului vibrant Marbella din Andaluzia, Spania.<\/p>\n<table style=\"border-collapse: collapse; width: 100%;\">\n<tbody>\n<tr>\n<td style=\"width: 50%;\"><img loading=\"lazy\" decoding=\"async\" class=\"aligncenter wp-image-14021 size-full\" src=\"https:\/\/exclusiveelitetravel.com\/wp-content\/uploads\/2025\/08\/unnamed-38.jpg\" alt=\"\" width=\"1280\" height=\"853\" srcset=\"https:\/\/exclusiveelitetravel.com\/wp-content\/uploads\/2025\/08\/unnamed-38.jpg 1280w, https:\/\/exclusiveelitetravel.com\/wp-content\/uploads\/2025\/08\/unnamed-38-500x333.jpg 500w, https:\/\/exclusiveelitetravel.com\/wp-content\/uploads\/2025\/08\/unnamed-38-1024x682.jpg 1024w, https:\/\/exclusiveelitetravel.com\/wp-content\/uploads\/2025\/08\/unnamed-38-768x512.jpg 768w, https:\/\/exclusiveelitetravel.com\/wp-content\/uploads\/2025\/08\/unnamed-38-18x12.jpg 18w, https:\/\/exclusiveelitetravel.com\/wp-content\/uploads\/2025\/08\/unnamed-38-555x370.jpg 555w\" sizes=\"auto, (max-width: 1280px) 100vw, 1280px\" \/><\/td>\n<td style=\"width: 50%;\"><img loading=\"lazy\" decoding=\"async\" class=\"aligncenter wp-image-14022 size-full\" src=\"https:\/\/exclusiveelitetravel.com\/wp-content\/uploads\/2025\/08\/unnamed-39.jpg\" alt=\"\" width=\"1280\" height=\"853\" srcset=\"https:\/\/exclusiveelitetravel.com\/wp-content\/uploads\/2025\/08\/unnamed-39.jpg 1280w, https:\/\/exclusiveelitetravel.com\/wp-content\/uploads\/2025\/08\/unnamed-39-500x333.jpg 500w, https:\/\/exclusiveelitetravel.com\/wp-content\/uploads\/2025\/08\/unnamed-39-1024x682.jpg 1024w, https:\/\/exclusiveelitetravel.com\/wp-content\/uploads\/2025\/08\/unnamed-39-768x512.jpg 768w, https:\/\/exclusiveelitetravel.com\/wp-content\/uploads\/2025\/08\/unnamed-39-18x12.jpg 18w, https:\/\/exclusiveelitetravel.com\/wp-content\/uploads\/2025\/08\/unnamed-39-555x370.jpg 555w\" sizes=\"auto, (max-width: 1280px) 100vw, 1280px\" \/><\/td>\n<\/tr>\n<\/tbody>\n<\/table>\n<p style=\"font-weight: 400;\">\u00cenconjurat\u0103 de gr\u0103dini luxuriante \u0219i oferind vederi panoramice ale coastei, Villa Pasha este destina\u021bia suprem\u0103 pentru relaxare \u0219i r\u0103sf\u0103\u021b. Cu \u0219ase dormitoare elegante \u0219i cinci b\u0103i elegante, acest refugiu spa\u021bios g\u0103zduie\u0219te confortabil p\u00e2n\u0103 la 12 persoane, fiind ideal pentru familii sau grupuri de prieteni.<\/p>\n<table style=\"border-collapse: collapse; width: 100%;\">\n<tbody>\n<tr>\n<td style=\"width: 50%;\"><img loading=\"lazy\" decoding=\"async\" class=\"aligncenter wp-image-14023 size-full\" src=\"https:\/\/exclusiveelitetravel.com\/wp-content\/uploads\/2025\/08\/unnamed-40.jpg\" alt=\"\" width=\"1280\" height=\"853\" srcset=\"https:\/\/exclusiveelitetravel.com\/wp-content\/uploads\/2025\/08\/unnamed-40.jpg 1280w, https:\/\/exclusiveelitetravel.com\/wp-content\/uploads\/2025\/08\/unnamed-40-500x333.jpg 500w, https:\/\/exclusiveelitetravel.com\/wp-content\/uploads\/2025\/08\/unnamed-40-1024x682.jpg 1024w, https:\/\/exclusiveelitetravel.com\/wp-content\/uploads\/2025\/08\/unnamed-40-768x512.jpg 768w, https:\/\/exclusiveelitetravel.com\/wp-content\/uploads\/2025\/08\/unnamed-40-18x12.jpg 18w, https:\/\/exclusiveelitetravel.com\/wp-content\/uploads\/2025\/08\/unnamed-40-555x370.jpg 555w\" sizes=\"auto, (max-width: 1280px) 100vw, 1280px\" \/><\/td>\n<td style=\"width: 50%;\"><img loading=\"lazy\" decoding=\"async\" class=\"aligncenter wp-image-14024 size-full\" src=\"https:\/\/exclusiveelitetravel.com\/wp-content\/uploads\/2025\/08\/unnamed-41.jpg\" alt=\"\" width=\"1280\" height=\"853\" srcset=\"https:\/\/exclusiveelitetravel.com\/wp-content\/uploads\/2025\/08\/unnamed-41.jpg 1280w, https:\/\/exclusiveelitetravel.com\/wp-content\/uploads\/2025\/08\/unnamed-41-500x333.jpg 500w, https:\/\/exclusiveelitetravel.com\/wp-content\/uploads\/2025\/08\/unnamed-41-1024x682.jpg 1024w, https:\/\/exclusiveelitetravel.com\/wp-content\/uploads\/2025\/08\/unnamed-41-768x512.jpg 768w, https:\/\/exclusiveelitetravel.com\/wp-content\/uploads\/2025\/08\/unnamed-41-18x12.jpg 18w, https:\/\/exclusiveelitetravel.com\/wp-content\/uploads\/2025\/08\/unnamed-41-555x370.jpg 555w\" sizes=\"auto, (max-width: 1280px) 100vw, 1280px\" \/><\/td>\n<\/tr>\n<\/tbody>\n<\/table>\n<p style=\"font-weight: 400;\">Dispun\u00e2nd de facilit\u0103\u021bi precum o cad\u0103 cu hidromasaj, o sal\u0103 de gimnastic\u0103 complet echipat\u0103 \u0219i un cinematograf, Villa Pasha are totul acoperit pentru o escapad\u0103 multigenera\u021bional\u0103. Echipa noastr\u0103 experimentat\u0103 se poate ocupa de toate detaliile pentru dvs., astfel \u00eenc\u00e2t tot ce v\u0103 r\u0103m\u00e2ne de f\u0103cut este s\u0103 v\u0103 a\u0219eza\u021bi pe teras\u0103 cu un pahar de vin \u00een m\u00e2n\u0103 \u0219i s\u0103 v\u0103 bucura\u021bi de priveli\u0219te.<\/p>\n<h5 class=\"btn-custom\" style=\"text-align: center;\" align=\"justify\"><span style=\"color: #ffffff; font-family: helvetica, arial, sans-serif;\"><a style=\"color: #ffffff;\" href=\"https:\/\/exclusiveelitetravel.com\/ro\/vacanta-personalizata-2\/\" target=\"_blank\" rel=\"noopener noreferrer\"><span lang=\"en-US\"><b>Contacta\u021bi-ne pentru a v\u0103 personaliza escapada \u00een Marbella!<\/b><\/span><\/a><\/span><\/h5>","protected":false},"excerpt":{"rendered":"<p>Introducing Villa Pasha, Marbella Explore the newest gem in our villa collection \u2013 Villa Pasha, perched on a scenic hillside above the vibrant city of Marbella in Andalusia, Spain. Surrounded by lush gardens and boasting panoramic views of the coastline, Villa Pasha is the ultimate destination for relaxation and indulgence. With six elegant bedrooms and [&#8230;]","protected":false},"featured_media":14020,"comment_status":"closed","ping_status":"closed","template":"","meta":{"_expiration-date-status":"","_expiration-date":0,"_expiration-date-type":"","_expiration-date-categories":[],"_expiration-date-options":[]},"product_brand":[],"product_cat":[337,311],"product_tag":[],"class_list":{"0":"post-14019","1":"product","2":"type-product","3":"status-publish","4":"has-post-thumbnail","6":"product_cat-chalet-villas","7":"product_cat-vacations","9":"first","10":"instock","11":"shipping-taxable","12":"product-type-simple"},"_links":{"self":[{"href":"https:\/\/exclusiveelitetravel.com\/ro\/wp-json\/wp\/v2\/product\/14019","targetHints":{"allow":["GET"]}}],"collection":[{"href":"https:\/\/exclusiveelitetravel.com\/ro\/wp-json\/wp\/v2\/product"}],"about":[{"href":"https:\/\/exclusiveelitetravel.com\/ro\/wp-json\/wp\/v2\/types\/product"}],"replies":[{"embeddable":true,"href":"https:\/\/exclusiveelitetravel.com\/ro\/wp-json\/wp\/v2\/comments?post=14019"}],"wp:featuredmedia":[{"embeddable":true,"href":"https:\/\/exclusiveelitetravel.com\/ro\/wp-json\/wp\/v2\/media\/14020"}],"wp:attachment":[{"href":"https:\/\/exclusiveelitetravel.com\/ro\/wp-json\/wp\/v2\/media?parent=14019"}],"wp:term":[{"taxonomy":"product_brand","embeddable":true,"href":"https:\/\/exclusiveelitetravel.com\/ro\/wp-json\/wp\/v2\/product_brand?post=14019"},{"taxonomy":"product_cat","embeddable":true,"href":"https:\/\/exclusiveelitetravel.com\/ro\/wp-json\/wp\/v2\/product_cat?post=14019"},{"taxonomy":"product_tag","embeddable":true,"href":"https:\/\/exclusiveelitetravel.com\/ro\/wp-json\/wp\/v2\/product_tag?post=14019"}],"curies":[{"name":"wp","href":"https:\/\/api.w.org\/{rel}","templated":true}]}}