{"id":13718,"date":"2025-07-07T12:44:22","date_gmt":"2025-07-07T12:44:22","guid":{"rendered":"https:\/\/exclusiveelitetravel.com\/?post_type=product&#038;p=13718"},"modified":"2025-07-07T12:44:22","modified_gmt":"2025-07-07T12:44:22","slug":"sejurul-perfect-in-cannes-villa-sundance","status":"publish","type":"product","link":"https:\/\/exclusiveelitetravel.com\/ro\/experiente-2\/sejurul-perfect-in-cannes-villa-sundance\/","title":{"rendered":"Sejurul perfect \u00een Cannes: Vila Sundance"},"content":{"rendered":"<h2><span style=\"color: #d1a86b;\"><strong>Sejurul perfect \u00een Cannes: Vila Sundance<\/strong><\/span><\/h2>\n<p>\u00cen mijlocul entuziasmului \u0219i energiei evenimentelor \u0219i festivalurilor de la Cannes, sunte\u021bi \u00een c\u0103utarea unui loc \u00een care s\u0103 v\u0103 relaxa\u021bi, s\u0103 v\u0103 re\u00eenc\u0103rca\u021bi \u0219i s\u0103 g\u0103zdui\u021bi \u00eent\u00e2lniri private cu stil?<\/p>\n<p><img loading=\"lazy\" decoding=\"async\" class=\"aligncenter  wp-image-13719\" src=\"https:\/\/exclusiveelitetravel.com\/wp-content\/uploads\/2025\/07\/50cc834e-118a-4514-b5d7-5e791c6b032e.avif\" alt=\"\" width=\"601\" height=\"338\" \/><\/p>\n<p>Vila Sundance din Cannes este refugiul ideal pentru cei care doresc s\u0103 \u00eembine afacerile cu o not\u0103 de lux. Situat\u0103 \u00een cartierul exclusivist Californie, aceast\u0103 vil\u0103 uimitoare ofer\u0103 nu numai priveli\u0219ti spectaculoase asupra golfurilor Cannes \u0219i Antibes, ci \u0219i o atmosfer\u0103 sofisticat\u0103 \u0219i calm\u0103 - perfect\u0103 pentru a distra clien\u021bii, pentru a face networking \u00eentr-un cadru intim sau pur \u0219i simplu pentru a v\u0103 relaxa dup\u0103 o zi plin\u0103.<\/p>\n<p><img loading=\"lazy\" decoding=\"async\" class=\"aligncenter  wp-image-13723\" src=\"https:\/\/exclusiveelitetravel.com\/wp-content\/uploads\/2025\/07\/f481df08-7d48-485c-8a89-700aeec635d8.avif\" alt=\"\" width=\"601\" height=\"394\" \/><\/p>\n<p>Cu piscina sa dubl\u0103 \u00eenc\u0103lzit\u0103, jacuzzi \u0219i numeroase zone de recep\u021bie elegante, Villa Sundance este conceput\u0103 pentru a impresiona. Imagina\u021bi-v\u0103 discut\u00e2nd despre viitoarele proiecte la un pahar de vin \u00een lounge-ul sofisticat sau poate g\u0103zduind o cin\u0103 privat\u0103 preg\u0103tit\u0103 \u00een buc\u0103t\u0103ria semi-profesional\u0103. Dispunerea spa\u021bioas\u0103 a vilei, repartizat\u0103 pe trei etaje, asigur\u0103 spa\u021biu suficient pentru \u00eent\u00e2lniri sau momente de lini\u0219te, fiecare dintre cele cinci apartamente de designer oferind intimitate \u0219i confort complet.<\/p>\n<p><img loading=\"lazy\" decoding=\"async\" class=\"aligncenter  wp-image-13720\" src=\"https:\/\/exclusiveelitetravel.com\/wp-content\/uploads\/2025\/07\/691c2e7e-3c2e-48d0-9694-be8585108550.avif\" alt=\"\" width=\"600\" height=\"399\" \/><\/p>\n<p>Cannes este renumit pentru atmosfera sa vibrant\u0103, dar a avea un sanctuar senin la care s\u0103 te \u00eentorci este de nepre\u021buit. Fie c\u0103 este vorba de o baie de diminea\u021b\u0103 cu vedere la Marea Mediteran\u0103 sau de un joc de tenis de mas\u0103 seara, Villa Sundance ofer\u0103 echilibrul perfect \u00eentre munc\u0103 \u0219i relaxare. \u0218i cu spa\u021biu pentru p\u00e2n\u0103 la 13 oaspe\u021bi, inclusiv parcare pentru \u0219ase ma\u0219ini, este o baz\u0103 ideal\u0103 pentru familii, echipe sau grupuri de profesioni\u0219ti care particip\u0103 la evenimente de afaceri \u00een Cannes.<\/p>\n<p><img loading=\"lazy\" decoding=\"async\" class=\"aligncenter  wp-image-13722\" src=\"https:\/\/exclusiveelitetravel.com\/wp-content\/uploads\/2025\/07\/a7de1ecf-5030-41bf-94c8-ffaca0efdaf6.avif\" alt=\"\" width=\"601\" height=\"399\" \/><\/p>\n<p>Ne-ar pl\u0103cea s\u0103 discut\u0103m despre modul \u00een care Villa Sundance v\u0103 poate oferi un sejur cu adev\u0103rat excep\u021bional, f\u0103c\u00e2ndu-v\u0103 experien\u021ba \u00een Cannes cu adev\u0103rat de neuitat.<\/p>\n<h5 class=\"btn-custom\" style=\"text-align: center;\" align=\"justify\"><span style=\"color: #ffffff; font-family: helvetica, arial, sans-serif;\"><a style=\"color: #ffffff;\" href=\"https:\/\/exclusiveelitetravel.com\/ro\/vacanta-personalizata-2\/\" target=\"_blank\" rel=\"noopener noreferrer\"><span lang=\"en-US\"><b>Contacta\u021bi-ne pentru a v\u0103 personaliza vacan\u021ba exclusiv\u0103!<\/b><\/span><\/a><\/span><\/h5>","protected":false},"excerpt":{"rendered":"<p>The Perfect Stay in Cannes: Villa Sundance Amidst the excitement and energy of the Cannes events and festivals, are you looking for a place where you can unwind, recharge, and host private gatherings in style? Villa Sundance in Cannes is the ideal retreat for those looking to blend business with a touch of luxury. Set [&#8230;]","protected":false},"featured_media":13721,"comment_status":"closed","ping_status":"closed","template":"","meta":{"_expiration-date-status":"","_expiration-date":0,"_expiration-date-type":"","_expiration-date-categories":[],"_expiration-date-options":[]},"product_brand":[],"product_cat":[337],"product_tag":[],"class_list":{"0":"post-13718","1":"product","2":"type-product","3":"status-publish","4":"has-post-thumbnail","6":"product_cat-chalet-villas","8":"first","9":"instock","10":"shipping-taxable","11":"product-type-simple"},"_links":{"self":[{"href":"https:\/\/exclusiveelitetravel.com\/ro\/wp-json\/wp\/v2\/product\/13718","targetHints":{"allow":["GET"]}}],"collection":[{"href":"https:\/\/exclusiveelitetravel.com\/ro\/wp-json\/wp\/v2\/product"}],"about":[{"href":"https:\/\/exclusiveelitetravel.com\/ro\/wp-json\/wp\/v2\/types\/product"}],"replies":[{"embeddable":true,"href":"https:\/\/exclusiveelitetravel.com\/ro\/wp-json\/wp\/v2\/comments?post=13718"}],"wp:featuredmedia":[{"embeddable":true,"href":"https:\/\/exclusiveelitetravel.com\/ro\/wp-json\/wp\/v2\/media\/13721"}],"wp:attachment":[{"href":"https:\/\/exclusiveelitetravel.com\/ro\/wp-json\/wp\/v2\/media?parent=13718"}],"wp:term":[{"taxonomy":"product_brand","embeddable":true,"href":"https:\/\/exclusiveelitetravel.com\/ro\/wp-json\/wp\/v2\/product_brand?post=13718"},{"taxonomy":"product_cat","embeddable":true,"href":"https:\/\/exclusiveelitetravel.com\/ro\/wp-json\/wp\/v2\/product_cat?post=13718"},{"taxonomy":"product_tag","embeddable":true,"href":"https:\/\/exclusiveelitetravel.com\/ro\/wp-json\/wp\/v2\/product_tag?post=13718"}],"curies":[{"name":"wp","href":"https:\/\/api.w.org\/{rel}","templated":true}]}}