{"id":13712,"date":"2025-07-07T12:41:15","date_gmt":"2025-07-07T12:41:15","guid":{"rendered":"https:\/\/exclusiveelitetravel.com\/?post_type=product&#038;p=13712"},"modified":"2025-07-07T12:41:15","modified_gmt":"2025-07-07T12:41:15","slug":"experienta-unei-vieti-la-vila-exclusivista-marlin-bay","status":"publish","type":"product","link":"https:\/\/exclusiveelitetravel.com\/ro\/experiente-2\/experienta-unei-vieti-la-vila-exclusivista-marlin-bay\/","title":{"rendered":"Experien\u021ba unei vie\u021bi la exclusivista Villa Marlin Bay"},"content":{"rendered":"<h2><span style=\"color: #d1a86b;\"><strong>Experien\u021ba unei vie\u021bi la exclusivista Villa Marlin Bay<\/strong><\/span><\/h2>\n<p>Dac\u0103 sunte\u021bi \u00een c\u0103utarea unei propriet\u0103\u021bi exclusiviste care combin\u0103 luxul cu frumuse\u021bea natural\u0103 uimitoare, nu c\u0103uta\u021bi mai departe de Marlin Bay. Aceast\u0103 vil\u0103 magnific\u0103, situat\u0103 \u00een Liscia di Vacca, ofer\u0103 o gr\u0103din\u0103 mare cu un debarcader privat \u0219i vederi spectaculoase, la doar c\u00e2\u021biva pa\u0219i de mare. Este destina\u021bia perfect\u0103 pentru o evadare de neuitat.<\/p>\n<p><img loading=\"lazy\" decoding=\"async\" class=\"aligncenter  wp-image-13715\" src=\"https:\/\/exclusiveelitetravel.com\/wp-content\/uploads\/2025\/07\/96d687b2-915d-4c00-bf86-ec5e0868e136.avif\" alt=\"\" width=\"600\" height=\"400\" \/><\/p>\n<p>Situat\u0103 \u00eentr-unul dintre cele mai magice golfuri din Costa Smeralda, Marlin Bay se afl\u0103 \u00eentr-o pozi\u021bie exclusivist\u0103 \u0219i panoramic\u0103 pe marea Sardiniei, la doar 50 de metri de ap\u0103. Aceast\u0103 splendid\u0103 vil\u0103 de lux are patru dormitoare (fiecare cu o baie privat\u0103), o zon\u0103 de living luminoas\u0103 \u0219i elegant\u0103 cu vedere la teras\u0103 \u0219i la mare, o buc\u0103t\u0103rie complet echipat\u0103, o anex\u0103 cu un dormitor \u0219i o baie suplimentare \u0219i dou\u0103 camere pentru personal cu b\u0103i ata\u0219ate \u0219i sp\u0103l\u0103torie.<\/p>\n<p><img loading=\"lazy\" decoding=\"async\" class=\"aligncenter  wp-image-13716\" src=\"https:\/\/exclusiveelitetravel.com\/wp-content\/uploads\/2025\/07\/c9c76421-c0aa-4c64-8052-434857165cfe.avif\" alt=\"\" width=\"600\" height=\"400\" \/><\/p>\n<p>Terasa mare acoperit\u0103 a vilei, situat\u0103 chiar deasupra piscinei, este frumos mobilat\u0103 cu canapele \u0219i scaune de exterior, fiind locul ideal pentru a v\u0103 bucura de momente pl\u0103cute \u00een aer liber \u00eentr-o zon\u0103 umbrit\u0103 \u0219i ventilat\u0103.<\/p>\n<p><img loading=\"lazy\" decoding=\"async\" class=\"aligncenter  wp-image-13713\" src=\"https:\/\/exclusiveelitetravel.com\/wp-content\/uploads\/2025\/07\/6ad671ae-ac5c-4ac3-8732-3a832768938c.avif\" alt=\"\" width=\"600\" height=\"400\" \/><\/p>\n<p>Interiorul vilei reflect\u0103 mobilierul \u0219i stilul proasp\u0103t \u0219i rafinat, cre\u00e2nd o atmosfer\u0103 senin\u0103 \u0219i sofisticat\u0103. La exterior, vila este \u00eenconjurat\u0103 de o gr\u0103din\u0103 mare, cu o piscin\u0103 magnific\u0103 de form\u0103 neregulat\u0103, cu vederi impresionante.<\/p>\n<p><img loading=\"lazy\" decoding=\"async\" class=\"aligncenter  wp-image-13717\" src=\"https:\/\/exclusiveelitetravel.com\/wp-content\/uploads\/2025\/07\/eae50912-5f56-4fb8-8e24-38a0b45aaaa4.avif\" alt=\"\" width=\"600\" height=\"400\" \/><\/p>\n<p>Caracteristicile suplimentare care fac Marlin Bay unic\u0103 includ parcare pentru p\u00e2n\u0103 la cinci ma\u0219ini, o gr\u0103din\u0103 de legume \u0219i o sal\u0103 de gimnastic\u0103 privat\u0103 \u00een aer liber, oferind tot ce au nevoie clien\u021bii dvs. pentru o vacan\u021b\u0103 luxoas\u0103 \u0219i relaxant\u0103. Fie c\u0103 planifica\u021bi o vacan\u021b\u0103 de familie sau o retragere cu prietenii, aceast\u0103 vil\u0103 ofer\u0103 cadrul perfect.<\/p>\n<p>Asigura\u021bi-v\u0103 o rezervare \u0219i permite\u021bi-v\u0103 s\u0103 experimenta\u021bi via\u021ba de lux suprem\u0103.<\/p>\n<h5 class=\"btn-custom\" style=\"text-align: center;\" align=\"justify\"><span style=\"color: #ffffff; font-family: helvetica, arial, sans-serif;\"><a style=\"color: #ffffff;\" href=\"https:\/\/exclusiveelitetravel.com\/ro\/vacanta-personalizata-2\/\" target=\"_blank\" rel=\"noopener noreferrer\"><span lang=\"en-US\"><b>Contacta\u021bi-ne pentru a v\u0103 personaliza vacan\u021ba exclusiv\u0103!<\/b><\/span><\/a><\/span><\/h5>","protected":false},"excerpt":{"rendered":"<p>The Experience of a Lifetime at the Exclusive Villa Marlin Bay If you&#8217;re searching for an exclusive property that combines luxury with stunning natural beauty, look no further than Marlin Bay. This magnificent villa, situated in Liscia di Vacca, offers a large garden with a private pier and spectacular views, just steps from the sea. [&#8230;]","protected":false},"featured_media":13714,"comment_status":"closed","ping_status":"closed","template":"","meta":{"_expiration-date-status":"","_expiration-date":0,"_expiration-date-type":"","_expiration-date-categories":[],"_expiration-date-options":[]},"product_brand":[],"product_cat":[337],"product_tag":[],"class_list":{"0":"post-13712","1":"product","2":"type-product","3":"status-publish","4":"has-post-thumbnail","6":"product_cat-chalet-villas","8":"first","9":"instock","10":"shipping-taxable","11":"product-type-simple"},"_links":{"self":[{"href":"https:\/\/exclusiveelitetravel.com\/ro\/wp-json\/wp\/v2\/product\/13712","targetHints":{"allow":["GET"]}}],"collection":[{"href":"https:\/\/exclusiveelitetravel.com\/ro\/wp-json\/wp\/v2\/product"}],"about":[{"href":"https:\/\/exclusiveelitetravel.com\/ro\/wp-json\/wp\/v2\/types\/product"}],"replies":[{"embeddable":true,"href":"https:\/\/exclusiveelitetravel.com\/ro\/wp-json\/wp\/v2\/comments?post=13712"}],"wp:featuredmedia":[{"embeddable":true,"href":"https:\/\/exclusiveelitetravel.com\/ro\/wp-json\/wp\/v2\/media\/13714"}],"wp:attachment":[{"href":"https:\/\/exclusiveelitetravel.com\/ro\/wp-json\/wp\/v2\/media?parent=13712"}],"wp:term":[{"taxonomy":"product_brand","embeddable":true,"href":"https:\/\/exclusiveelitetravel.com\/ro\/wp-json\/wp\/v2\/product_brand?post=13712"},{"taxonomy":"product_cat","embeddable":true,"href":"https:\/\/exclusiveelitetravel.com\/ro\/wp-json\/wp\/v2\/product_cat?post=13712"},{"taxonomy":"product_tag","embeddable":true,"href":"https:\/\/exclusiveelitetravel.com\/ro\/wp-json\/wp\/v2\/product_tag?post=13712"}],"curies":[{"name":"wp","href":"https:\/\/api.w.org\/{rel}","templated":true}]}}