{"id":13706,"date":"2025-07-07T12:37:55","date_gmt":"2025-07-07T12:37:55","guid":{"rendered":"https:\/\/exclusiveelitetravel.com\/?post_type=product&#038;p=13706"},"modified":"2025-07-07T12:37:55","modified_gmt":"2025-07-07T12:37:55","slug":"casa-familiala-de-lux-in-st-tropez-cu-vedere-uimitoare-la-mare","status":"publish","type":"product","link":"https:\/\/exclusiveelitetravel.com\/ro\/experiente-2\/casa-familiala-de-lux-in-st-tropez-cu-vedere-uimitoare-la-mare\/","title":{"rendered":"Cas\u0103 de familie de lux \u00een St Tropez cu vederi uimitoare la mare"},"content":{"rendered":"<h2><span style=\"color: #d1a86b;\"><strong>Cas\u0103 de familie de lux \u00een St Tropez cu vederi uimitoare la mare<\/strong><\/span><\/h2>\n<p>V\u0103 va pl\u0103cea s\u0103 v\u0103 trezi\u021bi \u00een fiecare diminea\u021b\u0103 la priveli\u0219tile uluitoare ale coastei, cu insulele sale \u0219i marea str\u0103lucitoare! Gassin Views ofer\u0103 exact asta \u0219i mai mult. Aceast\u0103 bijuterie recent renovat\u0103 se afl\u0103 sus \u00eentr-un domeniu \u00eentre Ramatuelle \u0219i Gassin, oferind acces u\u0219or la Pampelonne, St Tropez \u0219i La Croix-Valmer. Este o cas\u0103 de familie de vis care ofer\u0103 escapada perfect\u0103.<\/p>\n<p><img loading=\"lazy\" decoding=\"async\" class=\"aligncenter  wp-image-13711\" src=\"https:\/\/exclusiveelitetravel.com\/wp-content\/uploads\/2025\/07\/da11cda8-55c9-436c-a75c-4888503ff5e0.avif\" alt=\"\" width=\"600\" height=\"400\" \/><\/p>\n<p>Gassin Views a fost renovat\u0103 meticulos folosind materiale de cea mai \u00eenalt\u0103 calitate \u0219i tehnologie de ultim\u0103 or\u0103, f\u0103c\u00e2nd-o nou\u0103 \u00een toate sensurile. Dispunerea este perfect\u0103 pentru via\u021ba de familie, asigur\u00e2nd intimitate \u0219i confort, oferind \u00een acela\u0219i timp vederi uimitoare ale peisajului \u00eenconjur\u0103tor.<\/p>\n<p><img loading=\"lazy\" decoding=\"async\" class=\"aligncenter  wp-image-13709\" src=\"https:\/\/exclusiveelitetravel.com\/wp-content\/uploads\/2025\/07\/adc1d91b-58ee-459c-bc82-9b0d4991cb26.avif\" alt=\"\" width=\"600\" height=\"400\" \/><\/p>\n<p>La parter, ve\u021bi g\u0103si un hol de intrare primitor care duce la o buc\u0103t\u0103rie mare, bine echipat\u0103 \u0219i o zon\u0103 de luat masa \u0219i de living \u00een plan deschis care se deschide perfect spre teras\u0103 \u0219i piscin\u0103. Exist\u0103, de asemenea, un dormitor dublu \/ camer\u0103 TV cu o camer\u0103 de du\u0219 en-suite \u0219i o arip\u0103 pentru copii cu trei dormitoare interconectate, o camer\u0103 de du\u0219 \u0219i un WC separat. \u00cen spatele garajului dublu se afl\u0103 o camer\u0103 utilitar\u0103 \u0219i o saun\u0103 care se deschide spre gr\u0103dina din spate. \u00cen plus, un dormitor dublu suplimentar cu o camer\u0103 de du\u0219 privat\u0103 este disponibil la cerere.<\/p>\n<p><img loading=\"lazy\" decoding=\"async\" class=\"aligncenter  wp-image-13710\" src=\"https:\/\/exclusiveelitetravel.com\/wp-content\/uploads\/2025\/07\/c1096b16-ec58-42e3-af79-c54ed2e0093a.avif\" alt=\"\" width=\"601\" height=\"451\" \/><\/p>\n<p>Primul etaj are o zon\u0103 de studiu spa\u021bioas\u0103 \u00een plan deschis \u0219i un dormitor matrimonial mare, cu o teras\u0103 cu vedere la piscin\u0103. Suita principal\u0103 include o baie en-suite luxoas\u0103 cu cad\u0103, du\u0219 separat \u0219i un du\u0219 \u00een aer liber pentru cei care iubesc o atingere a naturii.<\/p>\n<p><img loading=\"lazy\" decoding=\"async\" class=\"aligncenter  wp-image-13707\" src=\"https:\/\/exclusiveelitetravel.com\/wp-content\/uploads\/2025\/07\/1a18a891-1598-4d44-9fa6-848595c2119c.avif\" alt=\"\" width=\"600\" height=\"400\" \/><\/p>\n<p>Aceast\u0103 proprietate excep\u021bional\u0103 este acum disponibil\u0103 pentru \u00eenchiriere toat\u0103 vara \u0219i este alegerea perfect\u0103 pentru cei care doresc s\u0103 experimenteze cele mai bune condi\u021bii de via\u021b\u0103 din St Tropez. Nu rata\u021bi ocazia de a v\u0103 asigura aceast\u0103 cas\u0103 frumoas\u0103 pentru familia \u0219i prietenii dumneavoastr\u0103!<\/p>\n<p>Rezerva\u021bi acum pentru o escapad\u0103 de var\u0103 de vis \u00een St Tropez!<\/p>\n<h5 class=\"btn-custom\" style=\"text-align: center;\" align=\"justify\"><span style=\"color: #ffffff; font-family: helvetica, arial, sans-serif;\"><a style=\"color: #ffffff;\" href=\"https:\/\/exclusiveelitetravel.com\/ro\/vacanta-personalizata-2\/\" target=\"_blank\" rel=\"noopener noreferrer\"><span lang=\"en-US\"><b>Contacta\u021bi-ne pentru a v\u0103 personaliza vacan\u021ba exclusiv\u0103!<\/b><\/span><\/a><\/span><\/h5>","protected":false},"excerpt":{"rendered":"<p>Luxurious Family Home in St Tropez with Stunning Sea Views You will love waking up every morning to the breathtaking views of the coastline, with its islands and glittering sea! Gassin Views offers just that and more. This newly renovated gem sits high in a domaine between Ramatuelle and Gassin, providing easy access to Pampelonne, [&#8230;]","protected":false},"featured_media":13708,"comment_status":"closed","ping_status":"closed","template":"","meta":{"_expiration-date-status":"","_expiration-date":0,"_expiration-date-type":"","_expiration-date-categories":[],"_expiration-date-options":[]},"product_brand":[],"product_cat":[337],"product_tag":[],"class_list":{"0":"post-13706","1":"product","2":"type-product","3":"status-publish","4":"has-post-thumbnail","6":"product_cat-chalet-villas","8":"first","9":"instock","10":"shipping-taxable","11":"product-type-simple"},"_links":{"self":[{"href":"https:\/\/exclusiveelitetravel.com\/ro\/wp-json\/wp\/v2\/product\/13706","targetHints":{"allow":["GET"]}}],"collection":[{"href":"https:\/\/exclusiveelitetravel.com\/ro\/wp-json\/wp\/v2\/product"}],"about":[{"href":"https:\/\/exclusiveelitetravel.com\/ro\/wp-json\/wp\/v2\/types\/product"}],"replies":[{"embeddable":true,"href":"https:\/\/exclusiveelitetravel.com\/ro\/wp-json\/wp\/v2\/comments?post=13706"}],"wp:featuredmedia":[{"embeddable":true,"href":"https:\/\/exclusiveelitetravel.com\/ro\/wp-json\/wp\/v2\/media\/13708"}],"wp:attachment":[{"href":"https:\/\/exclusiveelitetravel.com\/ro\/wp-json\/wp\/v2\/media?parent=13706"}],"wp:term":[{"taxonomy":"product_brand","embeddable":true,"href":"https:\/\/exclusiveelitetravel.com\/ro\/wp-json\/wp\/v2\/product_brand?post=13706"},{"taxonomy":"product_cat","embeddable":true,"href":"https:\/\/exclusiveelitetravel.com\/ro\/wp-json\/wp\/v2\/product_cat?post=13706"},{"taxonomy":"product_tag","embeddable":true,"href":"https:\/\/exclusiveelitetravel.com\/ro\/wp-json\/wp\/v2\/product_tag?post=13706"}],"curies":[{"name":"wp","href":"https:\/\/api.w.org\/{rel}","templated":true}]}}