{"id":13643,"date":"2025-07-04T13:32:46","date_gmt":"2025-07-04T13:32:46","guid":{"rendered":"https:\/\/exclusiveelitetravel.com\/?post_type=product&#038;p=13643"},"modified":"2025-07-04T13:32:47","modified_gmt":"2025-07-04T13:32:47","slug":"vila-grace-cap-dail-liniste-exclusiva-la-cateva-minute-de-monte-carlo","status":"publish","type":"product","link":"https:\/\/exclusiveelitetravel.com\/ro\/experiente-2\/vila-grace-cap-dail-liniste-exclusiva-la-cateva-minute-de-monte-carlo\/","title":{"rendered":"Villa Grace, Cap d'Ail - lini\u0219te exclusiv\u0103 la c\u00e2teva minute de Monte Carlo"},"content":{"rendered":"<h2><span style=\"color: #d1a86b;\"><strong>Villa Grace, Cap d'Ail - lini\u0219te exclusiv\u0103 la c\u00e2teva minute de Monte Carlo<\/strong><\/span><\/h2>\n<p>Dac\u0103 sunte\u021bi \u00een c\u0103utarea combina\u021biei rare de izolare high-end \u0219i proximitate fa\u021b\u0103 de vibra\u021bia Monte Carlo, Villa Grace din Cap d'Ail v\u0103 ofer\u0103 totul.<\/p>\n<p><img loading=\"lazy\" decoding=\"async\" class=\"aligncenter  wp-image-13646\" src=\"https:\/\/exclusiveelitetravel.com\/wp-content\/uploads\/2025\/07\/c8c97c41-ec05-431e-9cf0-3f670296f4ee.avif\" alt=\"\" width=\"601\" height=\"261\" \/><\/p>\n<p>La doar 3 minute de mers cu ma\u0219ina de inima ora\u0219ului Monaco, aceast\u0103 vil\u0103 elegant\u0103 cu \u0219ase dormitoare ofer\u0103 genul de intimitate \u0219i calm greu de g\u0103sit pe Riviera. Ideal\u0103 at\u00e2t pentru petrecerea timpului liber, c\u00e2t \u0219i pentru oaspe\u021bii de afaceri, proprietatea este extrem de versatil\u0103 - g\u0103zduie\u0219te retrageri de familie, sejururi executive \u0219i escapade VIP cu aceea\u0219i u\u0219urin\u021b\u0103.<\/p>\n<p><img loading=\"lazy\" decoding=\"async\" class=\"aligncenter  wp-image-13647\" src=\"https:\/\/exclusiveelitetravel.com\/wp-content\/uploads\/2025\/07\/e336db54-18af-4586-a4e2-b23e3b6ad1dd.avif\" alt=\"\" width=\"601\" height=\"261\" \/><\/p>\n<p>Facilit\u0103\u021bile includ o piscin\u0103 \u00eenc\u0103lzit\u0103, o sal\u0103 de cinema privat\u0103 \u0219i o sal\u0103 de gimnastic\u0103 ascuns\u0103 sub pini - perfect\u0103 pentru men\u021binerea rutinei \u00een timp ce v\u0103 bucura\u021bi de ritmul mediteranean relaxat. Dispunerea echilibreaz\u0103 spa\u021biile sociale comune cu col\u021buri lini\u0219tite, cre\u00e2nd o atmosfer\u0103 f\u0103r\u0103 efort de sofisticare relaxat\u0103.<\/p>\n<p><img loading=\"lazy\" decoding=\"async\" class=\"aligncenter  wp-image-13644\" src=\"https:\/\/exclusiveelitetravel.com\/wp-content\/uploads\/2025\/07\/63a9502c-2faa-4b94-97cc-74c24dfa985c.avif\" alt=\"\" width=\"600\" height=\"261\" \/><\/p>\n<p>Fie pentru rezerv\u0103ri legate de evenimente, sejururi lungi de var\u0103 sau clien\u021bi de profil \u00eenalt care au nevoie de discre\u021bie, Villa Grace este un loc remarcabil pentru cazare.<\/p>\n<p><img loading=\"lazy\" decoding=\"async\" class=\"aligncenter  wp-image-13648\" src=\"https:\/\/exclusiveelitetravel.com\/wp-content\/uploads\/2025\/07\/f31b0cc3-33ca-42e4-9f51-78a9fc090460.avif\" alt=\"\" width=\"601\" height=\"261\" \/><\/p>\n<h5 class=\"btn-custom\" style=\"text-align: center;\" align=\"justify\"><span style=\"color: #ffffff; font-family: helvetica, arial, sans-serif;\"><a style=\"color: #ffffff;\" href=\"https:\/\/exclusiveelitetravel.com\/ro\/vacanta-personalizata-2\/\" target=\"_blank\" rel=\"noopener noreferrer\"><span lang=\"en-US\"><b>Contacta\u021bi-ne pentru a v\u0103 personaliza vacan\u021ba exclusiv\u0103!<\/b><\/span><\/a><\/span><\/h5>","protected":false},"excerpt":{"rendered":"<p>Villa Grace, Cap d\u2019Ail \u2013 Exclusive Tranquillity Minutes from Monte Carlo If you are seeking the rare combination of high-end seclusion and proximity to Monte Carlo\u2019s vibrancy, Villa Grace in Cap d\u2019Ail delivers it in full. Just a 3-minute drive from the heart of Monaco, this elegant six-bedroom villa offers the kind of privacy and [&#8230;]","protected":false},"featured_media":13645,"comment_status":"closed","ping_status":"closed","template":"","meta":{"_expiration-date-status":"","_expiration-date":0,"_expiration-date-type":"","_expiration-date-categories":[],"_expiration-date-options":[]},"product_brand":[],"product_cat":[337],"product_tag":[],"class_list":{"0":"post-13643","1":"product","2":"type-product","3":"status-publish","4":"has-post-thumbnail","6":"product_cat-chalet-villas","8":"first","9":"instock","10":"shipping-taxable","11":"product-type-simple"},"_links":{"self":[{"href":"https:\/\/exclusiveelitetravel.com\/ro\/wp-json\/wp\/v2\/product\/13643","targetHints":{"allow":["GET"]}}],"collection":[{"href":"https:\/\/exclusiveelitetravel.com\/ro\/wp-json\/wp\/v2\/product"}],"about":[{"href":"https:\/\/exclusiveelitetravel.com\/ro\/wp-json\/wp\/v2\/types\/product"}],"replies":[{"embeddable":true,"href":"https:\/\/exclusiveelitetravel.com\/ro\/wp-json\/wp\/v2\/comments?post=13643"}],"wp:featuredmedia":[{"embeddable":true,"href":"https:\/\/exclusiveelitetravel.com\/ro\/wp-json\/wp\/v2\/media\/13645"}],"wp:attachment":[{"href":"https:\/\/exclusiveelitetravel.com\/ro\/wp-json\/wp\/v2\/media?parent=13643"}],"wp:term":[{"taxonomy":"product_brand","embeddable":true,"href":"https:\/\/exclusiveelitetravel.com\/ro\/wp-json\/wp\/v2\/product_brand?post=13643"},{"taxonomy":"product_cat","embeddable":true,"href":"https:\/\/exclusiveelitetravel.com\/ro\/wp-json\/wp\/v2\/product_cat?post=13643"},{"taxonomy":"product_tag","embeddable":true,"href":"https:\/\/exclusiveelitetravel.com\/ro\/wp-json\/wp\/v2\/product_tag?post=13643"}],"curies":[{"name":"wp","href":"https:\/\/api.w.org\/{rel}","templated":true}]}}