{"id":13625,"date":"2025-07-04T13:22:26","date_gmt":"2025-07-04T13:22:26","guid":{"rendered":"https:\/\/exclusiveelitetravel.com\/?post_type=product&#038;p=13625"},"modified":"2025-07-04T13:22:26","modified_gmt":"2025-07-04T13:22:26","slug":"vila-marrakchia-vila-de-lux-langa-marrakech-pentru-golf-wellness","status":"publish","type":"product","link":"https:\/\/exclusiveelitetravel.com\/ro\/experiente-2\/vila-marrakchia-vila-de-lux-langa-marrakech-pentru-golf-wellness\/","title":{"rendered":"Villa Marrakchia - Vil\u0103 de lux l\u00e2ng\u0103 Marrakech pentru golf \u0219i wellness"},"content":{"rendered":"<h2><span style=\"color: #d1a86b;\"><strong>Villa Marrakchia - Vil\u0103 de lux l\u00e2ng\u0103 Marrakech pentru golf \u0219i wellness<\/strong><\/span><\/h2>\n<p>La doar 15 minute de pia\u021ba vibrant\u0103 Jemaa el-Fna \u0219i la cinci minute de renumitele cluburi de golf Amelkis \u0219i Royal, Villa Marrakchia ofer\u0103 un refugiu rafinat \u0219i lini\u0219tit pentru p\u00e2n\u0103 la opt oaspe\u021bi - ideal pentru cupluri, grupuri mici \u0219i clien\u021bi care joac\u0103 golf.<\/p>\n<p><img loading=\"lazy\" decoding=\"async\" class=\"aligncenter  wp-image-13627\" src=\"https:\/\/exclusiveelitetravel.com\/wp-content\/uploads\/2025\/07\/08da8f13-5b36-4d31-a20e-ce116a3998d4.avif\" alt=\"\" width=\"600\" height=\"261\" \/><\/p>\n<p>Construit\u0103 \u00een 2021, vila combin\u0103 designul elegant \u0219i contemporan cu aluzii la stilul tradi\u021bional marocan, toate amplasate \u00eentr-o gr\u0103din\u0103 mediteranean\u0103 matur\u0103. \u00cen interior, ve\u021bi g\u0103si spa\u021bii sociale generoase, o buc\u0103t\u0103rie complet echipat\u0103 \u0219i patru dormitoare elegante - inclusiv un apartament principal de 60 m\u00b2 cu teras\u0103 privat\u0103 \u0219i un apartament la primul etaj de 50 m\u00b2 cu vedere spectaculoas\u0103 la Mun\u021bii Atlas.<\/p>\n<p><img loading=\"lazy\" decoding=\"async\" class=\"aligncenter  wp-image-13629\" src=\"https:\/\/exclusiveelitetravel.com\/wp-content\/uploads\/2025\/07\/147e4ccf-c5f5-468b-9884-a40996ac2317.avif\" alt=\"\" width=\"601\" height=\"261\" \/><\/p>\n<p>\u00cen aer liber, piscina \u00eenc\u0103lzit\u0103, pergola umbrit\u0103 \u0219i zona de gr\u0103tar \u00een stil marocan creeaz\u0103 un cadru luxos \u0219i relaxant \u00een acela\u0219i timp. Pentru oaspe\u021bii activi, loca\u021bia este visul oric\u0103rui juc\u0103tor de golf - la c\u00e2teva momente de Amelkis Golf Club cu 27 de g\u0103uri, proiectat de Cabell B. Robinson.<\/p>\n<p><img loading=\"lazy\" decoding=\"async\" class=\"aligncenter  wp-image-13626\" src=\"https:\/\/exclusiveelitetravel.com\/wp-content\/uploads\/2025\/07\/7afab40f-ca32-4f16-8981-c05ae385f4af.avif\" alt=\"\" width=\"601\" height=\"261\" \/><\/p>\n<p>Sesiunile de yoga, tratamentele spa, serviciile unui buc\u0103tar privat \u0219i \u0219oferii cu \u0219ofer sunt toate disponibile pentru a \u00eembun\u0103t\u0103\u021bi experien\u021ba oaspe\u021bilor.<\/p>\n<p><img loading=\"lazy\" decoding=\"async\" class=\"aligncenter  wp-image-13628\" src=\"https:\/\/exclusiveelitetravel.com\/wp-content\/uploads\/2025\/07\/51ed8753-eb27-4932-b16d-2ae242a97ecc.avif\" alt=\"\" width=\"601\" height=\"261\" \/><\/p>\n<p>Aceast\u0103 proprietate se adreseaz\u0103 clien\u021bilor high-end care caut\u0103 o combina\u021bie de intimitate, wellness \u0219i proximitatea golfului de clas\u0103 mondial\u0103.<\/p>\n<h5 class=\"btn-custom\" style=\"text-align: center;\" align=\"justify\"><span style=\"color: #ffffff; font-family: helvetica, arial, sans-serif;\"><a style=\"color: #ffffff;\" href=\"https:\/\/exclusiveelitetravel.com\/ro\/vacanta-personalizata-2\/\" target=\"_blank\" rel=\"noopener noreferrer\"><span lang=\"en-US\"><b>Contacta\u021bi-ne pentru a v\u0103 personaliza vacan\u021ba exclusiv\u0103!<\/b><\/span><\/a><\/span><\/h5>","protected":false},"excerpt":{"rendered":"<p>Villa Marrakchia - Luxury Villa Stay Near Marrakech for Golf &amp; Wellness La doar 15 minute de pia\u021ba vibrant\u0103 Jemaa el-Fna \u0219i la cinci minute de renumitele cluburi de golf Amelkis \u0219i Royal, Villa Marrakchia ofer\u0103 un refugiu rafinat \u0219i lini\u0219tit pentru p\u00e2n\u0103 la opt persoane - ideal pentru cupluri, grupuri mici \u0219i clien\u021bi care practic\u0103 golf. Construit\u0103 [...]","protected":false},"featured_media":13630,"comment_status":"closed","ping_status":"closed","template":"","meta":{"_expiration-date-status":"","_expiration-date":0,"_expiration-date-type":"","_expiration-date-categories":[],"_expiration-date-options":[]},"product_brand":[],"product_cat":[337],"product_tag":[],"class_list":{"0":"post-13625","1":"product","2":"type-product","3":"status-publish","4":"has-post-thumbnail","6":"product_cat-chalet-villas","8":"first","9":"instock","10":"shipping-taxable","11":"product-type-simple"},"_links":{"self":[{"href":"https:\/\/exclusiveelitetravel.com\/ro\/wp-json\/wp\/v2\/product\/13625","targetHints":{"allow":["GET"]}}],"collection":[{"href":"https:\/\/exclusiveelitetravel.com\/ro\/wp-json\/wp\/v2\/product"}],"about":[{"href":"https:\/\/exclusiveelitetravel.com\/ro\/wp-json\/wp\/v2\/types\/product"}],"replies":[{"embeddable":true,"href":"https:\/\/exclusiveelitetravel.com\/ro\/wp-json\/wp\/v2\/comments?post=13625"}],"wp:featuredmedia":[{"embeddable":true,"href":"https:\/\/exclusiveelitetravel.com\/ro\/wp-json\/wp\/v2\/media\/13630"}],"wp:attachment":[{"href":"https:\/\/exclusiveelitetravel.com\/ro\/wp-json\/wp\/v2\/media?parent=13625"}],"wp:term":[{"taxonomy":"product_brand","embeddable":true,"href":"https:\/\/exclusiveelitetravel.com\/ro\/wp-json\/wp\/v2\/product_brand?post=13625"},{"taxonomy":"product_cat","embeddable":true,"href":"https:\/\/exclusiveelitetravel.com\/ro\/wp-json\/wp\/v2\/product_cat?post=13625"},{"taxonomy":"product_tag","embeddable":true,"href":"https:\/\/exclusiveelitetravel.com\/ro\/wp-json\/wp\/v2\/product_tag?post=13625"}],"curies":[{"name":"wp","href":"https:\/\/api.w.org\/{rel}","templated":true}]}}