{"id":13432,"date":"2025-06-18T14:28:12","date_gmt":"2025-06-18T14:28:12","guid":{"rendered":"https:\/\/exclusiveelitetravel.com\/?post_type=product&#038;p=13432"},"modified":"2025-06-18T14:28:12","modified_gmt":"2025-06-18T14:28:12","slug":"blue-dreams-o-vila-de-familie-langa-plaja-pampelonne","status":"publish","type":"product","link":"https:\/\/exclusiveelitetravel.com\/ro\/experiente-2\/blue-dreams-o-vila-de-familie-langa-plaja-pampelonne\/","title":{"rendered":"Blue Dreams: O vil\u0103 pentru familii l\u00e2ng\u0103 plaja Pampelonne"},"content":{"rendered":"<h2><span style=\"color: #d1a86b;\"><strong>Blue Dreams: O vil\u0103 pentru familii l\u00e2ng\u0103 plaja Pampelonne<\/strong><\/span><\/h2>\n<p>Blue Dreams este o superb\u0103 vil\u0103 de familie situat\u0103 la doar o scurt\u0103 plimbare de plaja Pampelonne \u0219i de emblematicul Club 55, accesat prin Boulevard Patch. Aceast\u0103 proprietate modern\u0103 \u0219i spa\u021bioas\u0103 este proiectat\u0103 pentru confort \u0219i stil, perfect pozi\u021bionat\u0103 dac\u0103 dori\u021bi s\u0103 v\u0103 bucura\u021bi de cele mai bune de pe Riviera.<\/p>\n<p><img loading=\"lazy\" decoding=\"async\" class=\"aligncenter  wp-image-13435\" src=\"https:\/\/exclusiveelitetravel.com\/wp-content\/uploads\/2025\/06\/7d267282-07e8-48fd-abfa-52731c0441dc.avif\" alt=\"\" width=\"600\" height=\"261\" \/><\/p>\n<p>Vila are \u0219ase dormitoare elegante, cu aer condi\u021bionat, fiecare cu baie proprie privat\u0103, oferind cazare confortabil\u0103 pentru p\u00e2n\u0103 la zece adul\u021bi \u0219i patru copii. Zona de dormit pentru copii este amenajat\u0103 inteligent \u00eentr-un apartament \u00een stil mansard\u0103 cu plan deschis, fiind ideal\u0103 pentru familii. Exist\u0103, de asemenea, un apartament complet autonom pentru personal, cu dou\u0103 dormitoare cu baie proprie, o buc\u0103t\u0103rie, o camer\u0103 de zi \u0219i o teras\u0103 privat\u0103, asigur\u00e2nd un serviciu discret \u0219i eficient pe tot parcursul \u0219ederii dumneavoastr\u0103.<\/p>\n<p><img loading=\"lazy\" decoding=\"async\" class=\"aligncenter  wp-image-13436\" src=\"https:\/\/exclusiveelitetravel.com\/wp-content\/uploads\/2025\/06\/89fec2f9-401e-496a-a6a7-fef645e77ea9.avif\" alt=\"\" width=\"600\" height=\"261\" \/><\/p>\n<p>V\u0103 pute\u021bi relaxa \u00een zonele spa\u021bioase de living \u0219i de divertisment, toate av\u00e2nd vedere fantastic\u0103 la mare, sau v\u0103 pute\u021bi relaxa \u00een aer liber l\u00e2ng\u0103 piscina mare \u00eenc\u0103lzit\u0103. Proprietatea include, de asemenea, o buc\u0103t\u0103rie de var\u0103 cu gr\u0103tar, un teren de p\u00e9tanque \u0219i gr\u0103dini frumos amenajate. Pentru 2025, vor fi ad\u0103ugate un hamam nou, o sal\u0103 de gimnastic\u0103 \u0219i du\u0219uri suplimentare pentru a \u00eembun\u0103t\u0103\u021bi oferta de wellness.<\/p>\n<p><img loading=\"lazy\" decoding=\"async\" class=\"aligncenter  wp-image-13433\" src=\"https:\/\/exclusiveelitetravel.com\/wp-content\/uploads\/2025\/06\/000ae206-c5c7-461d-a774-2e0ff80d16ae.avif\" alt=\"\" width=\"600\" height=\"261\" \/><\/p>\n<p>Parcarea acoperit\u0103 pentru trei ma\u0219ini, un sistem de sunet integrat Bose, acces rapid la internet \u0219i elemente de design atent, cum ar fi mobilierul antic din mijlocul secolului, completeaz\u0103 experien\u021ba.<\/p>\n<p><img loading=\"lazy\" decoding=\"async\" class=\"aligncenter  wp-image-13437\" src=\"https:\/\/exclusiveelitetravel.com\/wp-content\/uploads\/2025\/06\/e841f640-b54c-414c-accf-d74efd3a5fa6.avif\" alt=\"\" width=\"600\" height=\"261\" \/><\/p>\n<p>Blue Dreams este perfect potrivit pentru familii, oaspe\u021bi VIP sau grupuri de prieteni care caut\u0103 apropierea de plajele \u0219i via\u021ba de noapte din St Tropez, dar cu intimitatea \u0219i confortul unui refugiu reziden\u021bial. Dac\u0103 crede\u021bi c\u0103 vi se potrive\u0219te, vom fi \u00eenc\u00e2nta\u021bi s\u0103 v\u0103 oferim mai multe informa\u021bii sau detalii despre disponibilitate.<\/p>\n<h5 class=\"btn-custom\" style=\"text-align: center;\" align=\"justify\"><span style=\"color: #ffffff; font-family: helvetica, arial, sans-serif;\"><a style=\"color: #ffffff;\" href=\"https:\/\/exclusiveelitetravel.com\/ro\/vacanta-personalizata-2\/\" target=\"_blank\" rel=\"noopener noreferrer\"><span lang=\"en-US\"><b>Contacta\u021bi-ne pentru a v\u0103 personaliza vacan\u021ba exclusiv\u0103!<\/b><\/span><\/a><\/span><\/h5>","protected":false},"excerpt":{"rendered":"<p>Blue Dreams: A Family-Friendly Villa Near Pampelonne Beach Blue Dreams is a superb family villa located just a short stroll from Pampelonne Beach and the iconic Club 55, accessed via Boulevard Patch. This modern, spacious property is designed for comfort and style, perfectly positioned if you want to enjoy the best of the Riviera. The [&#8230;]","protected":false},"featured_media":13434,"comment_status":"closed","ping_status":"closed","template":"","meta":{"_expiration-date-status":"","_expiration-date":0,"_expiration-date-type":"","_expiration-date-categories":[],"_expiration-date-options":[]},"product_brand":[],"product_cat":[337],"product_tag":[],"class_list":{"0":"post-13432","1":"product","2":"type-product","3":"status-publish","4":"has-post-thumbnail","6":"product_cat-chalet-villas","8":"first","9":"instock","10":"shipping-taxable","11":"product-type-simple"},"_links":{"self":[{"href":"https:\/\/exclusiveelitetravel.com\/ro\/wp-json\/wp\/v2\/product\/13432","targetHints":{"allow":["GET"]}}],"collection":[{"href":"https:\/\/exclusiveelitetravel.com\/ro\/wp-json\/wp\/v2\/product"}],"about":[{"href":"https:\/\/exclusiveelitetravel.com\/ro\/wp-json\/wp\/v2\/types\/product"}],"replies":[{"embeddable":true,"href":"https:\/\/exclusiveelitetravel.com\/ro\/wp-json\/wp\/v2\/comments?post=13432"}],"wp:featuredmedia":[{"embeddable":true,"href":"https:\/\/exclusiveelitetravel.com\/ro\/wp-json\/wp\/v2\/media\/13434"}],"wp:attachment":[{"href":"https:\/\/exclusiveelitetravel.com\/ro\/wp-json\/wp\/v2\/media?parent=13432"}],"wp:term":[{"taxonomy":"product_brand","embeddable":true,"href":"https:\/\/exclusiveelitetravel.com\/ro\/wp-json\/wp\/v2\/product_brand?post=13432"},{"taxonomy":"product_cat","embeddable":true,"href":"https:\/\/exclusiveelitetravel.com\/ro\/wp-json\/wp\/v2\/product_cat?post=13432"},{"taxonomy":"product_tag","embeddable":true,"href":"https:\/\/exclusiveelitetravel.com\/ro\/wp-json\/wp\/v2\/product_tag?post=13432"}],"curies":[{"name":"wp","href":"https:\/\/api.w.org\/{rel}","templated":true}]}}